{"id":803,"date":"2020-04-03T08:58:12","date_gmt":"2020-04-03T05:58:12","guid":{"rendered":"https:\/\/mobilia.fi\/?page_id=803"},"modified":"2025-09-05T10:35:58","modified_gmt":"2025-09-05T07:35:58","slug":"kokoelmat","status":"publish","type":"page","link":"https:\/\/mobilia.fi\/fi\/museo\/kokoelmat\/","title":{"rendered":"Kokoelmat"},"content":{"rendered":"\t\t<div data-elementor-type=\"wp-page\" data-elementor-id=\"803\" class=\"elementor elementor-803\" data-elementor-post-type=\"page\">\n\t\t\t\t\t\t<section class=\"elementor-section elementor-top-section elementor-element elementor-element-6a801bf2 elementor-section-height-min-height elementor-section-boxed elementor-section-height-default elementor-section-items-middle\" data-id=\"6a801bf2\" data-element_type=\"section\" data-e-type=\"section\" data-settings=\"{&quot;background_background&quot;:&quot;classic&quot;}\">\n\t\t\t\t\t\t\t<div class=\"elementor-background-overlay\"><\/div>\n\t\t\t\t\t\t\t<div class=\"elementor-container elementor-column-gap-default\">\n\t\t\t\t\t<div class=\"elementor-column elementor-col-100 elementor-top-column elementor-element elementor-element-2340bedb\" data-id=\"2340bedb\" data-element_type=\"column\" data-e-type=\"column\">\n\t\t\t<div class=\"elementor-widget-wrap elementor-element-populated\">\n\t\t\t\t\t\t<section class=\"elementor-section elementor-inner-section elementor-element elementor-element-7c1dfcd elementor-section-boxed elementor-section-height-default elementor-section-height-default\" data-id=\"7c1dfcd\" data-element_type=\"section\" data-e-type=\"section\">\n\t\t\t\t\t\t<div class=\"elementor-container elementor-column-gap-default\">\n\t\t\t\t\t<div class=\"elementor-column elementor-col-100 elementor-inner-column elementor-element elementor-element-52fe2b2\" data-id=\"52fe2b2\" data-element_type=\"column\" data-e-type=\"column\">\n\t\t\t<div class=\"elementor-widget-wrap elementor-element-populated\">\n\t\t\t\t\t\t<div class=\"elementor-element elementor-element-57ebadd2 elementor-widget elementor-widget-text-editor\" data-id=\"57ebadd2\" data-element_type=\"widget\" data-e-type=\"widget\" data-widget_type=\"text-editor.default\">\n\t\t\t\t<div class=\"elementor-widget-container\">\n\t\t\t\t\t\t\t\t\t<h1>Kokoelmat<\/h1>\t\t\t\t\t\t\t\t<\/div>\n\t\t\t\t<\/div>\n\t\t\t\t\t<\/div>\n\t\t<\/div>\n\t\t\t\t\t<\/div>\n\t\t<\/section>\n\t\t\t\t\t<\/div>\n\t\t<\/div>\n\t\t\t\t\t<\/div>\n\t\t<\/section>\n\t\t\t\t<section class=\"elementor-section elementor-top-section elementor-element elementor-element-2e9d91ce elementor-section-boxed elementor-section-height-default elementor-section-height-default\" data-id=\"2e9d91ce\" data-element_type=\"section\" data-e-type=\"section\">\n\t\t\t\t\t\t<div class=\"elementor-container elementor-column-gap-default\">\n\t\t\t\t\t<div class=\"elementor-column elementor-col-100 elementor-top-column elementor-element elementor-element-38953808\" data-id=\"38953808\" data-element_type=\"column\" data-e-type=\"column\">\n\t\t\t<div class=\"elementor-widget-wrap elementor-element-populated\">\n\t\t\t\t\t\t<section class=\"elementor-section elementor-inner-section elementor-element elementor-element-6e68c191 elementor-section-boxed elementor-section-height-default elementor-section-height-default\" data-id=\"6e68c191\" data-element_type=\"section\" data-e-type=\"section\">\n\t\t\t\t\t\t<div class=\"elementor-container elementor-column-gap-default\">\n\t\t\t\t\t<div class=\"elementor-column elementor-col-50 elementor-inner-column elementor-element elementor-element-2b68f921\" data-id=\"2b68f921\" data-element_type=\"column\" data-e-type=\"column\">\n\t\t\t<div class=\"elementor-widget-wrap elementor-element-populated\">\n\t\t\t\t\t\t<div class=\"elementor-element elementor-element-73502ee0 elementor-widget elementor-widget-text-editor\" data-id=\"73502ee0\" data-element_type=\"widget\" data-e-type=\"widget\" data-widget_type=\"text-editor.default\">\n\t\t\t\t<div class=\"elementor-widget-container\">\n\t\t\t\t\t\t\t\t\t<p>Mobilian tieliikennehistorialliset kokoelmat muodostuvat Mobilia s\u00e4\u00e4ti\u00f6n omistamasta kokoelmasta sek\u00e4 Mobilian palvelusopimuksilla hoitamista esine-, arkisto-, kuva- ja kirjakokoelmista.<\/p><p><span style=\"color: #58595b;\">Kokoelmien tallentaminen on suunnitelmallista ja tapahtuu kokoelmapolitiikan puitteissa.<\/span><\/p><p>Suurin osa kokoelmista on luetteloitu digitaaliseen kokoelmahallintaj\u00e4rjestelm\u00e4\u00e4n eMobiliaan. Luetteloituihin ja digitoituihin kokoelmiin voi tutustua <a href=\"https:\/\/mobilia.collectionpro.fi\/emobilia\" target=\"_blank\" rel=\"noopener\">eKokoelmat<\/a>-selaimen kautta. Kokoelmaselain avautuu linkist\u00e4 uuteen ikkunaan, josta l\u00f6ytyv\u00e4t selaimen k\u00e4ytt\u00f6ohjeet.<\/p><p>Osa kokoelmista on n\u00e4ht\u00e4vill\u00e4 Mobilian n\u00e4yttelyiss\u00e4. Normaalisti yleis\u00f6lt\u00e4 suljettuihin kokoelmatiloihin p\u00e4\u00e4see tutustumaan opastetuilla kierroksilla.<\/p>\t\t\t\t\t\t\t\t<\/div>\n\t\t\t\t<\/div>\n\t\t\t\t\t<\/div>\n\t\t<\/div>\n\t\t\t\t<div class=\"elementor-column elementor-col-50 elementor-inner-column elementor-element elementor-element-6eafde1d\" data-id=\"6eafde1d\" data-element_type=\"column\" data-e-type=\"column\">\n\t\t\t<div class=\"elementor-widget-wrap elementor-element-populated\">\n\t\t\t\t\t\t<div class=\"elementor-element elementor-element-4093a3fb elementor-widget elementor-widget-image\" data-id=\"4093a3fb\" data-element_type=\"widget\" data-e-type=\"widget\" data-widget_type=\"image.default\">\n\t\t\t\t<div class=\"elementor-widget-container\">\n\t\t\t\t\t\t\t\t\t\t\t\t\t\t\t<img fetchpriority=\"high\" decoding=\"async\" width=\"620\" height=\"294\" src=\"https:\/\/mobilia.fi\/wp-content\/uploads\/2020\/04\/kokoelmakierros-mobilia.jpg\" class=\"attachment-large size-large wp-image-834\" alt=\"Kokoelmakierros\" srcset=\"https:\/\/mobilia.fi\/wp-content\/uploads\/2020\/04\/kokoelmakierros-mobilia.jpg 620w, https:\/\/mobilia.fi\/wp-content\/uploads\/2020\/04\/kokoelmakierros-mobilia-300x142.jpg 300w\" sizes=\"(max-width: 620px) 100vw, 620px\" \/>\t\t\t\t\t\t\t\t\t\t\t\t\t\t\t<\/div>\n\t\t\t\t<\/div>\n\t\t\t\t\t<\/div>\n\t\t<\/div>\n\t\t\t\t\t<\/div>\n\t\t<\/section>\n\t\t\t\t\t<\/div>\n\t\t<\/div>\n\t\t\t\t\t<\/div>\n\t\t<\/section>\n\t\t\t\t<section class=\"elementor-section elementor-top-section elementor-element elementor-element-2abee78 elementor-section-boxed elementor-section-height-default elementor-section-height-default\" data-id=\"2abee78\" data-element_type=\"section\" data-e-type=\"section\">\n\t\t\t\t\t\t<div class=\"elementor-container elementor-column-gap-default\">\n\t\t\t\t\t<div class=\"elementor-column elementor-col-100 elementor-top-column elementor-element elementor-element-bc084e1\" data-id=\"bc084e1\" data-element_type=\"column\" data-e-type=\"column\">\n\t\t\t<div class=\"elementor-widget-wrap elementor-element-populated\">\n\t\t\t\t\t\t<section class=\"elementor-section elementor-inner-section elementor-element elementor-element-ee7eb24 elementor-section-boxed elementor-section-height-default elementor-section-height-default\" data-id=\"ee7eb24\" data-element_type=\"section\" data-e-type=\"section\">\n\t\t\t\t\t\t<div class=\"elementor-container elementor-column-gap-default\">\n\t\t\t\t\t<div class=\"elementor-column elementor-col-100 elementor-inner-column elementor-element elementor-element-9541d5e\" data-id=\"9541d5e\" data-element_type=\"column\" data-e-type=\"column\">\n\t\t\t<div class=\"elementor-widget-wrap elementor-element-populated\">\n\t\t\t\t\t\t<div class=\"elementor-element elementor-element-611982d elementor-widget elementor-widget-text-editor\" data-id=\"611982d\" data-element_type=\"widget\" data-e-type=\"widget\" data-widget_type=\"text-editor.default\">\n\t\t\t\t<div class=\"elementor-widget-container\">\n\t\t\t\t\t\t\t\t\t<h3><span style=\"color: #009cdf;\">Kirjaston ja arkiston aukioloajat<\/span><\/h3><p>Arkisto ja kirjasto ovat auki sopimuksen mukaan.<\/p><p>Varaathan ajan kirjastoon tai arkistoaineistoihin tutustumiseen hyviss\u00e4 ajoin etuk\u00e4teen.<\/p><h4><span style=\"color: #58595b;\">Tiedustelut ja varaukset<\/span><\/h4><p>Eve Juhkam, puh. 040 900 6657, eve.juhkam@mobilia.fi<\/p><h3>\u00a0<\/h3><h3><span style=\"color: #009cdf;\">Perustiedot kokoelmista<\/span><\/h3><h4>Esinekokoelmat<\/h4><p>Tieliikennehistoriallisessa kokoelmassa on noin 7 000 esinett\u00e4, joista ajoneuvoja on 355.<\/p><h4>Arkisto<\/h4><p>Mobilian arkistossa on noin 900 hyllymetri\u00e4 auto- ja tiealan asiakirjoja, teknisi\u00e4 k\u00e4sikirjoja, esitteit\u00e4, H\u00e4meen l\u00e4\u00e4nin vanha kantakortisto, lehtileikkeit\u00e4 ym.<\/p><h4>Kuva-arkisto<\/h4><p>Kuva-arkistossa on noin 45 000 kuvaa, joista noin 36 000 kuvaa on eKokoelmien kautta selailtavissa.<\/p><h4>Kirjasto<\/h4><p>Kirjaston nidem\u00e4\u00e4r\u00e4 on noin 8 200.<\/p><h3>\u00a0<\/h3><h3><span style=\"color: #009cdf;\">Tietopalvelu<\/span><\/h3><p>Arkisto- ja kirjastoaineistot ovat asiakkaiden k\u00e4ytett\u00e4viss\u00e4 arkip\u00e4ivisin klo 8:30\u201315:30 etuk\u00e4teen varatun k\u00e4yntiajan mukaan.<\/p><h4>Arkistovaraukset sek\u00e4 kuva- ja tietopalvelukyselyt<\/h4><p>Eve Juhkam, puh. 040 900 6657, eve.juhkam@mobilia.fi<\/p><p>Tietopalvelun peruspalvelut ovat asiakkaille maksuttomia.<\/p><p>Kuvapalvelut ja laajat tietohaut ovat maksullisia. Toimitusaika on p\u00e4iv\u00e4st\u00e4 kahteen viikkoon.\u00a0<\/p><p><a href=\"https:\/\/mobilia.fi\/wp-content\/uploads\/2022\/12\/Hinnasto.pdf\">Hinnasto<\/a><\/p><div><div><div><h3><span style=\"color: #009cdf;\">\u00a0<\/span><\/h3><h3><span style=\"color: #009cdf;\">Lahjoitukset kokoelmiin<\/span><\/h3><\/div><\/div><\/div><div><article><p>Mobilia s\u00e4\u00e4ti\u00f6n kokoelmat karttuvat lahjoitusten avulla. Tallennusta ohjaa kokoelmahallinnon kokoelmapolitiikka. Kokoelmiin tallennetaan keskeist\u00e4 suomalaisen tieliikenteen historiaan liittyv\u00e4\u00e4 aineistoa. Ajoneuvokokoelmaan tallennetaan jokaiselta vuosikymmenelt\u00e4 kymmenen Suomessa yleisimm\u00e4n automerkin edustajia 1920-luvulta alkaen. 1920-lukua vanhempien ajoneuvojen liitt\u00e4minen kokoelmaan punnitaan tapauskohtaisesti.<\/p><p>Lahjoituksia otetaan vastaan kokoelmapolitiikan puitteissa. Lahjoitusten osalta olethan yhteydess\u00e4 Mobilian kokoelmien parissa ty\u00f6skentelev\u00e4\u00e4n henkil\u00f6kuntaan:<\/p><h4>Suuresineet (autot ja muut ajoneuvot)<\/h4><p>Museomestari Tommi Aromaa, puh. 040 900 6670, tommi.aromaa@mobilia.fi<\/p><p>Amanuenssi Mikko Pentti, puh. 044 716 7634, mikko.pentti@mobilia.fi<\/p><h4>Pienesineet<\/h4><p>Amanuenssi Mikko Pentti puh. 044 716 7634, mikko.pentti@mobilia.fi<\/p><h4>Valokuvat<\/h4><p>Amanuenssi Anniina Salminen, puh. 040 900 6643, anniina.salminen@mobilia.fi<\/p><h4>Kirjat ja lehdet<\/h4><p>Kokoelma-assistentti Eve Juhkam, puh. 040 900 6657, eve.juhkam@mobilia.fi<\/p><div><div><div><h3><span style=\"color: #009cdf;\">\u00a0<\/span><\/h3><h3><span style=\"color: #009cdf;\">Kokoelmapolitiikka<\/span><\/h3><\/div><\/div><\/div><div><article><p>Mobilian kokoelmapolitiikka ohjaa Mobilian kokoelmatoimintaa. Kokoelmapolitiikka on museokohtainen ty\u00f6kalu, joka sis\u00e4lt\u00e4\u00e4 tietoa ja k\u00e4yt\u00e4nn\u00f6n ohjeistusta museon kokoelmien muodostumisesta ja niiden sis\u00e4ll\u00f6st\u00e4 sek\u00e4 kokoelmien hoidosta, kartuttamisesta ja poistoista.<\/p><p>Mobilian kokoelmapolitiikka on julkinen dokumentti, johon voi tutustua alla olevasta linkist\u00e4. Mobilian kokoelmapolitiikka p\u00e4ivitet\u00e4\u00e4n kerran vuodessa, ja siit\u00e4 l\u00f6ytyv\u00e4t tiedot my\u00f6s kokoelmam\u00e4\u00e4rist\u00e4.<\/p><p><a href=\"https:\/\/mobilia.fi\/wp-content\/uploads\/2023\/02\/Mobilian-kokoelmapolitiikka-2023.docx\">Mobilian kokoelmapolitiikka 2023<\/a><\/p><\/article><\/div><div><div><div><div><h3>\u00a0<\/h3><h3><span style=\"color: #009cdf;\">Tietosuoja ja henkil\u00f6tietojen k\u00e4sittely Mobilian kokoelmatoiminnassa<\/span><\/h3><\/div><\/div><\/div><div><article><p>Mobilian kokoelmat ja niihin liittyv\u00e4t luettelointitiedot sis\u00e4lt\u00e4v\u00e4t henkil\u00f6tietoja.<br \/>Henkil\u00f6tietoja tallennetaan Mobilian kokoelmatoiminnassa vain perustellusta syyst\u00e4. P\u00e4\u00e4s\u00e4\u00e4nt\u00f6isesti tietoja tarvitaan Mobilian lakis\u00e4\u00e4teisten teht\u00e4vien hoitamiseen, kokoelmapalveluiden toteuttamiseksi ja asiakkaiden yhteydenpitoon, tutkimuksellisiin hankkeisiin ja historiatiedon keruuseen.\u00a0<\/p><p>K\u00e4sitelt\u00e4v\u00e4t henkil\u00f6tiedot<br \/>Mobilia kokoelmatoiminnassa tietoja ker\u00e4tess\u00e4 kerromme, mihin tietoja tarvitaan ja miten niit\u00e4 k\u00e4ytet\u00e4\u00e4n. Tyypillisi\u00e4 Mobilian ker\u00e4\u00e4mi\u00e4 henkil\u00f6tietoja ovat esimerkiksi henkil\u00f6n nimi ja yhteystiedot, kuten osoite ja s\u00e4hk\u00f6postiosoite. Lis\u00e4tietoja ker\u00e4tt\u00e4vist\u00e4 henkil\u00f6tiedoista on saatavilla Mobilian kokoelmatoiminnan tietosuojaselosteista.<br \/>Kulttuuriperint\u00f6aineistot ovat p\u00e4\u00e4osin tietosuojan ulkopuolella ja k\u00e4ytett\u00e4viss\u00e4 tutkijoiden ja muiden aineistojen tarvitsijoiden toimesta.<\/p><p>Henkil\u00f6tietojen k\u00e4sittelyperusteet<br \/>Henkil\u00f6tietojen k\u00e4sittelylle on aina oltava laillinen peruste. Mobilia k\u00e4sittelee henkil\u00f6tietoja<br \/>\u2022 yleist\u00e4 etua koskevan teht\u00e4v\u00e4n suorittamiseksi (historian tallentaminen ja kulttuuriperint\u00f6aineistojen taltiointi)<br \/>\u2022 lakis\u00e4\u00e4teisten velvoitteiden t\u00e4ytt\u00e4miseksi<br \/>\u2022 sopimusten t\u00e4yt\u00e4nt\u00f6\u00f6n panemiseksi (kokoelmahallinto)<br \/>\u2022 rekister\u00f6idyn antaman suostumuksen perusteella (tutkimus ja dokumentointi)<\/p><p>Henkil\u00f6tietojen k\u00e4sittelij\u00e4tahot ja tietojen s\u00e4ilytysaika<br \/>Tietoja k\u00e4sittelev\u00e4t Mobilian ty\u00f6ntekij\u00e4t sek\u00e4 tahot, joiden kanssa Mobilia on sopinut henkil\u00f6tietojen k\u00e4sittelyst\u00e4 tietosuoja-asetuksen vaatimusten mukaisesti. Henkil\u00f6tietoja s\u00e4ilytet\u00e4\u00e4n niin kauan kuin k\u00e4sittelyn peruste on olemassa. K\u00e4sittelyn peruste on usein kirjanpito- tai museolakiin pohjautuva lains\u00e4\u00e4d\u00e4nt\u00f6, esimerkiksi asiakirjojen s\u00e4ilytysajoista.<br \/>Kulttuuriperint\u00f6aineistojen s\u00e4ilytt\u00e4misess\u00e4 periaatteena on ollut pitk\u00e4aikainen tai pysyv\u00e4 s\u00e4ilytys.<\/p><p>Mahdollisuudet vaikuttaa omien henkil\u00f6tietojen k\u00e4sittelyyn<br \/>Sinulla on oikeus saada selville, mit\u00e4 tietoja sinusta tallennamme ja kuka k\u00e4sittelee tietojasi. Lis\u00e4ksi voit tarkistaa sinusta ker\u00e4\u00e4m\u00e4mme tiedot ja tarvittaessa p\u00e4ivitt\u00e4\u00e4 ne ajan tasalle.<br \/>Jos huomaat, ett\u00e4 tiedoissasi on virheit\u00e4 tai puutteita, voit pyyt\u00e4\u00e4 niihin korjausta. Kerro korjauspyynn\u00f6ss\u00e4si, millainen virhe tiedoissasi on, ja miten tietoja tulisi muuttaa.<br \/>Jos ilmoitat virheist\u00e4 tiedoissasi, sinulla on oikeus pyyt\u00e4\u00e4 niiden k\u00e4sittelyn rajoittamista siihen asti, ett\u00e4 tietojen paikkansapit\u00e4vyys on varmistettu.<br \/>Joissain tapauksissa sinulla on my\u00f6s oikeus pyyt\u00e4\u00e4 tietojesi poistamista. Emme voi kuitenkaan poistaa sellaisia tietoja, joiden k\u00e4sittelyyn Mobilialla on lains\u00e4\u00e4d\u00e4nn\u00f6st\u00e4 johtuva velvoite.<\/p><p>Tietosuojaselosteet<br \/>Mobilia arkisto- ja tietopalvelujen asiakaspalvelussa k\u00e4sitelt\u00e4viin henkil\u00f6tietoihin liittyv\u00e4 <a href=\"https:\/\/mobilia.fi\/wp-content\/uploads\/2025\/09\/tietopalvelun-rekisteriseloste.pdf\">tietopalvelun rekisteriseloste<\/a><\/p><p>Mobilia nykydokumentoinnissa, haastatteluissa ja kyselyiss\u00e4 k\u00e4sitelt\u00e4viin henkil\u00f6tietoihin liittyv\u00e4<a href=\"https:\/\/mobilia.fi\/wp-content\/uploads\/2025\/09\/nykydokumentointi-haastattelu-ja-kyselyt-rekisteriseloste.pdf\">\u00a0rekisteriseloste\u00a0<\/a><\/p><p>\u00a0<\/p><\/article><\/div><\/div><\/article><\/div>\t\t\t\t\t\t\t\t<\/div>\n\t\t\t\t<\/div>\n\t\t\t\t\t<\/div>\n\t\t<\/div>\n\t\t\t\t\t<\/div>\n\t\t<\/section>\n\t\t\t\t\t<\/div>\n\t\t<\/div>\n\t\t\t\t\t<\/div>\n\t\t<\/section>\n\t\t\t\t<\/div>\n\t\t","protected":false},"excerpt":{"rendered":"<p>Kokoelmat Mobilian tieliikennehistorialliset kokoelmat muodostuvat Mobilia s\u00e4\u00e4ti\u00f6n omistamasta kokoelmasta sek\u00e4 Mobilian palvelusopimuksilla hoitamista esine-, arkisto-, kuva- ja kirjakokoelmista. Kokoelmien tallentaminen on suunnitelmallista ja tapahtuu kokoelmapolitiikan puitteissa. Suurin osa kokoelmista on luetteloitu digitaaliseen kokoelmahallintaj\u00e4rjestelm\u00e4\u00e4n eMobiliaan. Luetteloituihin ja digitoituihin kokoelmiin voi tutustua eKokoelmat-selaimen kautta. Kokoelmaselain avautuu linkist\u00e4 uuteen ikkunaan, josta l\u00f6ytyv\u00e4t selaimen k\u00e4ytt\u00f6ohjeet. Osa kokoelmista on n\u00e4ht\u00e4vill\u00e4 [&hellip;]<\/p>\n","protected":false},"author":1,"featured_media":728,"parent":18,"menu_order":6,"comment_status":"closed","ping_status":"closed","template":"","meta":{"_acf_changed":false,"inline_featured_image":false,"footnotes":""},"class_list":["post-803","page","type-page","status-publish","has-post-thumbnail","hentry"],"acf":[],"_links":{"self":[{"href":"https:\/\/mobilia.fi\/fi\/wp-json\/wp\/v2\/pages\/803","targetHints":{"allow":["GET"]}}],"collection":[{"href":"https:\/\/mobilia.fi\/fi\/wp-json\/wp\/v2\/pages"}],"about":[{"href":"https:\/\/mobilia.fi\/fi\/wp-json\/wp\/v2\/types\/page"}],"author":[{"embeddable":true,"href":"https:\/\/mobilia.fi\/fi\/wp-json\/wp\/v2\/users\/1"}],"replies":[{"embeddable":true,"href":"https:\/\/mobilia.fi\/fi\/wp-json\/wp\/v2\/comments?post=803"}],"version-history":[{"count":9,"href":"https:\/\/mobilia.fi\/fi\/wp-json\/wp\/v2\/pages\/803\/revisions"}],"predecessor-version":[{"id":15890,"href":"https:\/\/mobilia.fi\/fi\/wp-json\/wp\/v2\/pages\/803\/revisions\/15890"}],"up":[{"embeddable":true,"href":"https:\/\/mobilia.fi\/fi\/wp-json\/wp\/v2\/pages\/18"}],"wp:featuredmedia":[{"embeddable":true,"href":"https:\/\/mobilia.fi\/fi\/wp-json\/wp\/v2\/media\/728"}],"wp:attachment":[{"href":"https:\/\/mobilia.fi\/fi\/wp-json\/wp\/v2\/media?parent=803"}],"curies":[{"name":"wp","href":"https:\/\/api.w.org\/{rel}","templated":true}]}}