{"id":809,"date":"2020-04-03T08:59:35","date_gmt":"2020-04-03T05:59:35","guid":{"rendered":"https:\/\/mobilia.fi\/?page_id=809"},"modified":"2026-01-22T13:39:07","modified_gmt":"2026-01-22T11:39:07","slug":"fenno-galleria","status":"publish","type":"page","link":"https:\/\/mobilia.fi\/fi\/museo\/fenno-galleria\/","title":{"rendered":"Fenno Galleria"},"content":{"rendered":"\t\t<div data-elementor-type=\"wp-page\" data-elementor-id=\"809\" class=\"elementor elementor-809\" data-elementor-post-type=\"page\">\n\t\t\t\t\t\t<section class=\"elementor-section elementor-top-section elementor-element elementor-element-4b21f7c8 elementor-section-height-min-height elementor-section-boxed elementor-section-height-default elementor-section-items-middle\" data-id=\"4b21f7c8\" data-element_type=\"section\" data-e-type=\"section\" data-settings=\"{&quot;background_background&quot;:&quot;classic&quot;}\">\n\t\t\t\t\t\t\t<div class=\"elementor-background-overlay\"><\/div>\n\t\t\t\t\t\t\t<div class=\"elementor-container elementor-column-gap-default\">\n\t\t\t\t\t<div class=\"elementor-column elementor-col-100 elementor-top-column elementor-element elementor-element-4816a63d\" data-id=\"4816a63d\" data-element_type=\"column\" data-e-type=\"column\">\n\t\t\t<div class=\"elementor-widget-wrap elementor-element-populated\">\n\t\t\t\t\t\t<div class=\"elementor-element elementor-element-35e2619 elementor-widget elementor-widget-text-editor\" data-id=\"35e2619\" data-element_type=\"widget\" data-e-type=\"widget\" data-widget_type=\"text-editor.default\">\n\t\t\t\t<div class=\"elementor-widget-container\">\n\t\t\t\t\t\t\t\t\t<h1>Fenno Galleria<\/h1><p>Korkeatasoiset s\u00e4ilytyspalvelut harrasteautolle<\/p>\t\t\t\t\t\t\t\t<\/div>\n\t\t\t\t<\/div>\n\t\t\t\t\t<\/div>\n\t\t<\/div>\n\t\t\t\t\t<\/div>\n\t\t<\/section>\n\t\t\t\t<section class=\"elementor-section elementor-top-section elementor-element elementor-element-38f7cad elementor-section-boxed elementor-section-height-default elementor-section-height-default\" data-id=\"38f7cad\" data-element_type=\"section\" data-e-type=\"section\">\n\t\t\t\t\t\t<div class=\"elementor-container elementor-column-gap-default\">\n\t\t\t\t\t<div class=\"elementor-column elementor-col-50 elementor-top-column elementor-element elementor-element-910bc98\" data-id=\"910bc98\" data-element_type=\"column\" data-e-type=\"column\">\n\t\t\t<div class=\"elementor-widget-wrap elementor-element-populated\">\n\t\t\t\t\t\t<div class=\"elementor-element elementor-element-93cd23b elementor-widget elementor-widget-text-editor\" data-id=\"93cd23b\" data-element_type=\"widget\" data-e-type=\"widget\" data-widget_type=\"text-editor.default\">\n\t\t\t\t<div class=\"elementor-widget-container\">\n\t\t\t\t\t\t\t\t\t<p>Fenno Galleria on Mobilian Kokoelmatalon yhteydess\u00e4 toimiva n\u00e4yttelytila, jossa sijaitsee Mobilian klassikot -n\u00e4yttely sek\u00e4 vuosittainvaihtuva erikoisn\u00e4yttely. Yhteens\u00e4 Fenno Gallerian lasisein\u00e4isess\u00e4 n\u00e4yttelytilassa on n\u00e4ht\u00e4vill\u00e4 nelisenkymment\u00e4 ajoneuvoa.\u00a0<\/p><p>Fenno Gallerian n\u00e4yttelyt kuuluvat Mobilian p\u00e4\u00e4sylipun hintaan, ja se on avoinna yleis\u00f6lle Mobilian normaaleina aukioloaikoina.<\/p><h3><span style=\"color: #009cdf;\">Etsitk\u00f6 s\u00e4ilytystilaa harrasteautollesi?<\/span><\/h3><p>Fenno Galleriasta on tarjolla harrasteajoneuvoille vuokrapaikkoja. Vuokrapaikka on asiakkaan ajoneuvolle turvallinen ja korkeatasoinen s\u00e4ilytyspaikka, jossa ajoneuvo on aina esill\u00e4 suurelle yleis\u00f6lle.<\/p><p>Tila antaa erinomaisen mahdollisuuden asiakkaan markkinointiviestint\u00e4\u00e4n. T\u00e4m\u00e4n mahdollisuuden ansiosta monet yritykset, kuten VV-Auto Group ja Falck, hy\u00f6dynt\u00e4v\u00e4t tiloja oman kalustonsa s\u00e4ilytt\u00e4miseen.<\/p><p>Vuokrapaikkaan sis\u00e4ltyy ajoneuvojen pesupaikan k\u00e4ytt\u00f6mahdollisuus sek\u00e4 ajoneuvojen nesteiden ja renkaiden ilmanpaineiden seuranta. Vuokrasopimuksen voi tehd\u00e4 m\u00e4\u00e4r\u00e4aikaiseksi tai toistaiseksi voimassa olevaksi.<\/p><p>Tartu tilaisuuteen ja vuokraa autollesi ainutlaatuinen s\u00e4ilytyspaikka kaikkine etuineen!<\/p>\t\t\t\t\t\t\t\t<\/div>\n\t\t\t\t<\/div>\n\t\t\t\t\t<\/div>\n\t\t<\/div>\n\t\t\t\t<div class=\"elementor-column elementor-col-50 elementor-top-column elementor-element elementor-element-36a5d53\" data-id=\"36a5d53\" data-element_type=\"column\" data-e-type=\"column\">\n\t\t\t<div class=\"elementor-widget-wrap elementor-element-populated\">\n\t\t\t\t\t\t<div class=\"elementor-element elementor-element-ef6dedd elementor-widget elementor-widget-image\" data-id=\"ef6dedd\" data-element_type=\"widget\" data-e-type=\"widget\" data-widget_type=\"image.default\">\n\t\t\t\t<div class=\"elementor-widget-container\">\n\t\t\t\t\t\t\t\t\t\t\t\t\t\t\t<img fetchpriority=\"high\" decoding=\"async\" width=\"800\" height=\"572\" src=\"https:\/\/mobilia.fi\/wp-content\/uploads\/2020\/08\/Autoglym-Gallery-Brittihelmet-1-scaled-e1597388912320-1024x732.jpg\" class=\"attachment-large size-large wp-image-923\" alt=\"Lasisein\u00e4n takana kiilt\u00e4v\u00e4 punainen MG-avoauto ja sen takana harmaa Bentley Continental Coupe konepelti avoinna, jotta yleis\u00f6 p\u00e4\u00e4see n\u00e4kem\u00e4\u00e4n mootorin\" srcset=\"https:\/\/mobilia.fi\/wp-content\/uploads\/2020\/08\/Autoglym-Gallery-Brittihelmet-1-scaled-e1597388912320-1024x732.jpg 1024w, https:\/\/mobilia.fi\/wp-content\/uploads\/2020\/08\/Autoglym-Gallery-Brittihelmet-1-scaled-e1597388912320-300x214.jpg 300w, https:\/\/mobilia.fi\/wp-content\/uploads\/2020\/08\/Autoglym-Gallery-Brittihelmet-1-scaled-e1597388912320-768x549.jpg 768w, https:\/\/mobilia.fi\/wp-content\/uploads\/2020\/08\/Autoglym-Gallery-Brittihelmet-1-scaled-e1597388912320-1536x1098.jpg 1536w, https:\/\/mobilia.fi\/wp-content\/uploads\/2020\/08\/Autoglym-Gallery-Brittihelmet-1-scaled-e1597388912320-2048x1464.jpg 2048w\" sizes=\"(max-width: 800px) 100vw, 800px\" \/>\t\t\t\t\t\t\t\t\t\t\t\t\t\t\t<\/div>\n\t\t\t\t<\/div>\n\t\t\t\t\t<\/div>\n\t\t<\/div>\n\t\t\t\t\t<\/div>\n\t\t<\/section>\n\t\t\t\t<section class=\"elementor-section elementor-top-section elementor-element elementor-element-49b09d9 elementor-section-boxed elementor-section-height-default elementor-section-height-default\" data-id=\"49b09d9\" data-element_type=\"section\" data-e-type=\"section\">\n\t\t\t\t\t\t<div class=\"elementor-container elementor-column-gap-default\">\n\t\t\t\t\t<div class=\"elementor-column elementor-col-100 elementor-top-column elementor-element elementor-element-8ccd0bc\" data-id=\"8ccd0bc\" data-element_type=\"column\" data-e-type=\"column\">\n\t\t\t<div class=\"elementor-widget-wrap elementor-element-populated\">\n\t\t\t\t\t\t<div class=\"elementor-element elementor-element-394c56f elementor-widget elementor-widget-text-editor\" data-id=\"394c56f\" data-element_type=\"widget\" data-e-type=\"widget\" data-widget_type=\"text-editor.default\">\n\t\t\t\t<div class=\"elementor-widget-container\">\n\t\t\t\t\t\t\t\t\t<h3><span style=\"color: #009cdf;\">Tiedustelut<\/span><\/h3><p>Mika Hautala puh. 040 549 0186<br \/>mika.hautala@mobilia.fi<\/p>\t\t\t\t\t\t\t\t<\/div>\n\t\t\t\t<\/div>\n\t\t\t\t\t<\/div>\n\t\t<\/div>\n\t\t\t\t\t<\/div>\n\t\t<\/section>\n\t\t\t\t<\/div>\n\t\t","protected":false},"excerpt":{"rendered":"<p>Fenno Galleria Korkeatasoiset s\u00e4ilytyspalvelut harrasteautolle Fenno Galleria on Mobilian Kokoelmatalon yhteydess\u00e4 toimiva n\u00e4yttelytila, jossa sijaitsee Mobilian klassikot -n\u00e4yttely sek\u00e4 vuosittainvaihtuva erikoisn\u00e4yttely. Yhteens\u00e4 Fenno Gallerian lasisein\u00e4isess\u00e4 n\u00e4yttelytilassa on n\u00e4ht\u00e4vill\u00e4 nelisenkymment\u00e4 ajoneuvoa.\u00a0 Fenno Gallerian n\u00e4yttelyt kuuluvat Mobilian p\u00e4\u00e4sylipun hintaan, ja se on avoinna yleis\u00f6lle Mobilian normaaleina aukioloaikoina. Etsitk\u00f6 s\u00e4ilytystilaa harrasteautollesi? Fenno Galleriasta on tarjolla harrasteajoneuvoille vuokrapaikkoja. Vuokrapaikka [&hellip;]<\/p>\n","protected":false},"author":1,"featured_media":923,"parent":18,"menu_order":12,"comment_status":"closed","ping_status":"closed","template":"","meta":{"_acf_changed":false,"inline_featured_image":false,"footnotes":""},"class_list":["post-809","page","type-page","status-publish","has-post-thumbnail","hentry"],"acf":[],"_links":{"self":[{"href":"https:\/\/mobilia.fi\/fi\/wp-json\/wp\/v2\/pages\/809","targetHints":{"allow":["GET"]}}],"collection":[{"href":"https:\/\/mobilia.fi\/fi\/wp-json\/wp\/v2\/pages"}],"about":[{"href":"https:\/\/mobilia.fi\/fi\/wp-json\/wp\/v2\/types\/page"}],"author":[{"embeddable":true,"href":"https:\/\/mobilia.fi\/fi\/wp-json\/wp\/v2\/users\/1"}],"replies":[{"embeddable":true,"href":"https:\/\/mobilia.fi\/fi\/wp-json\/wp\/v2\/comments?post=809"}],"version-history":[{"count":36,"href":"https:\/\/mobilia.fi\/fi\/wp-json\/wp\/v2\/pages\/809\/revisions"}],"predecessor-version":[{"id":16272,"href":"https:\/\/mobilia.fi\/fi\/wp-json\/wp\/v2\/pages\/809\/revisions\/16272"}],"up":[{"embeddable":true,"href":"https:\/\/mobilia.fi\/fi\/wp-json\/wp\/v2\/pages\/18"}],"wp:featuredmedia":[{"embeddable":true,"href":"https:\/\/mobilia.fi\/fi\/wp-json\/wp\/v2\/media\/923"}],"wp:attachment":[{"href":"https:\/\/mobilia.fi\/fi\/wp-json\/wp\/v2\/media?parent=809"}],"curies":[{"name":"wp","href":"https:\/\/api.w.org\/{rel}","templated":true}]}}