{"id":811,"date":"2020-04-03T09:00:21","date_gmt":"2020-04-03T06:00:21","guid":{"rendered":"https:\/\/mobilia.fi\/?page_id=811"},"modified":"2020-04-03T11:28:24","modified_gmt":"2020-04-03T08:28:24","slug":"rallimuseo","status":"publish","type":"page","link":"https:\/\/mobilia.fi\/fi\/museo\/rallimuseo\/","title":{"rendered":"Rallimuseo"},"content":{"rendered":"\t\t<div data-elementor-type=\"wp-page\" data-elementor-id=\"811\" class=\"elementor elementor-811\" data-elementor-post-type=\"page\">\n\t\t\t\t\t\t<section class=\"elementor-section elementor-top-section elementor-element elementor-element-92169ff elementor-section-height-min-height elementor-section-boxed elementor-section-height-default elementor-section-items-middle\" data-id=\"92169ff\" data-element_type=\"section\" data-e-type=\"section\" data-settings=\"{&quot;background_background&quot;:&quot;classic&quot;}\">\n\t\t\t\t\t\t\t<div class=\"elementor-background-overlay\"><\/div>\n\t\t\t\t\t\t\t<div class=\"elementor-container elementor-column-gap-default\">\n\t\t\t\t\t<div class=\"elementor-column elementor-col-100 elementor-top-column elementor-element elementor-element-cfb97b2\" data-id=\"cfb97b2\" data-element_type=\"column\" data-e-type=\"column\">\n\t\t\t<div class=\"elementor-widget-wrap elementor-element-populated\">\n\t\t\t\t\t\t<div class=\"elementor-element elementor-element-cc13fd2 elementor-widget elementor-widget-text-editor\" data-id=\"cc13fd2\" data-element_type=\"widget\" data-e-type=\"widget\" data-widget_type=\"text-editor.default\">\n\t\t\t\t<div class=\"elementor-widget-container\">\n\t\t\t\t\t\t\t\t\t<h1>Rallimuseo<\/h1>\nSuomalaiset ovat rallikansaa\t\t\t\t\t\t\t\t<\/div>\n\t\t\t\t<\/div>\n\t\t\t\t\t<\/div>\n\t\t<\/div>\n\t\t\t\t\t<\/div>\n\t\t<\/section>\n\t\t\t\t<section class=\"elementor-section elementor-top-section elementor-element elementor-element-325c68c elementor-section-boxed elementor-section-height-default elementor-section-height-default\" data-id=\"325c68c\" data-element_type=\"section\" data-e-type=\"section\">\n\t\t\t\t\t\t<div class=\"elementor-container elementor-column-gap-default\">\n\t\t\t\t\t<div class=\"elementor-column elementor-col-100 elementor-top-column elementor-element elementor-element-f35beab\" data-id=\"f35beab\" data-element_type=\"column\" data-e-type=\"column\">\n\t\t\t<div class=\"elementor-widget-wrap elementor-element-populated\">\n\t\t\t\t\t\t<section class=\"elementor-section elementor-inner-section elementor-element elementor-element-7007076 elementor-section-boxed elementor-section-height-default elementor-section-height-default\" data-id=\"7007076\" data-element_type=\"section\" data-e-type=\"section\">\n\t\t\t\t\t\t<div class=\"elementor-container elementor-column-gap-default\">\n\t\t\t\t\t<div class=\"elementor-column elementor-col-100 elementor-inner-column elementor-element elementor-element-6b1ff1d\" data-id=\"6b1ff1d\" data-element_type=\"column\" data-e-type=\"column\">\n\t\t\t<div class=\"elementor-widget-wrap elementor-element-populated\">\n\t\t\t\t\t\t<div class=\"elementor-element elementor-element-1901340 elementor-widget elementor-widget-image\" data-id=\"1901340\" data-element_type=\"widget\" data-e-type=\"widget\" data-widget_type=\"image.default\">\n\t\t\t\t<div class=\"elementor-widget-container\">\n\t\t\t\t\t\t\t\t\t\t\t\t\t\t\t<img fetchpriority=\"high\" decoding=\"async\" width=\"393\" height=\"222\" src=\"https:\/\/mobilia.fi\/wp-content\/uploads\/2020\/03\/rallimuseo-logo-mobilia.png\" class=\"attachment-full size-full wp-image-623\" alt=\"Logo: Rallimuseo\" srcset=\"https:\/\/mobilia.fi\/wp-content\/uploads\/2020\/03\/rallimuseo-logo-mobilia.png 393w, https:\/\/mobilia.fi\/wp-content\/uploads\/2020\/03\/rallimuseo-logo-mobilia-300x169.png 300w\" sizes=\"(max-width: 393px) 100vw, 393px\" \/>\t\t\t\t\t\t\t\t\t\t\t\t\t\t\t<\/div>\n\t\t\t\t<\/div>\n\t\t\t\t<div class=\"elementor-element elementor-element-a6887fa elementor-widget elementor-widget-text-editor\" data-id=\"a6887fa\" data-element_type=\"widget\" data-e-type=\"widget\" data-widget_type=\"text-editor.default\">\n\t\t\t\t<div class=\"elementor-widget-container\">\n\t\t\t\t\t\t\t\t\tSuomalaiset ovat tunnetusti rallikansaa: meill\u00e4 on enemm\u00e4n rallin maailmanmestareita kuin miss\u00e4\u00e4n muualla maailmassa ja runsaasti perinteikk\u00e4it\u00e4 ja arvostettuja kilpailuja. Suomalainen rallikansa sai oman museonsa auto- ja tieliikennemuseo Mobilian yhteyteen \nKangasalle 17.6.2016. Jo olemassa oleva Rally Hall of Fame siirtyi Rallimuseon osaksi.\n\n\t\t\t\t\t\t\t\t<\/div>\n\t\t\t\t<\/div>\n\t\t\t\t<div class=\"elementor-element elementor-element-498007e elementor-widget elementor-widget-text-editor\" data-id=\"498007e\" data-element_type=\"widget\" data-e-type=\"widget\" data-widget_type=\"text-editor.default\">\n\t\t\t\t<div class=\"elementor-widget-container\">\n\t\t\t\t\t\t\t\t\t<h2>Rallimuseon Yst\u00e4v\u00e4t Ry<\/h2><p>Rallimuseon Yst\u00e4v\u00e4t Ry aloittaa toimintansa vuoden 2020 alusta.<\/p>\t\t\t\t\t\t\t\t<\/div>\n\t\t\t\t<\/div>\n\t\t\t\t<div class=\"elementor-element elementor-element-7f3d2b2 elementor-align-center elementor-widget elementor-widget-button\" data-id=\"7f3d2b2\" data-element_type=\"widget\" data-e-type=\"widget\" data-widget_type=\"button.default\">\n\t\t\t\t<div class=\"elementor-widget-container\">\n\t\t\t\t\t\t\t\t\t<div class=\"elementor-button-wrapper\">\n\t\t\t\t\t<a class=\"elementor-button elementor-button-link elementor-size-sm\" href=\"#\">\n\t\t\t\t\t\t<span class=\"elementor-button-content-wrapper\">\n\t\t\t\t\t\t\t\t\t<span class=\"elementor-button-text\">Lue lis\u00e4\u00e4 yhdistyksest\u00e4 ja liity mukaan!<\/span>\n\t\t\t\t\t<\/span>\n\t\t\t\t\t<\/a>\n\t\t\t\t<\/div>\n\t\t\t\t\t\t\t\t<\/div>\n\t\t\t\t<\/div>\n\t\t\t\t\t<\/div>\n\t\t<\/div>\n\t\t\t\t\t<\/div>\n\t\t<\/section>\n\t\t\t\t\t<\/div>\n\t\t<\/div>\n\t\t\t\t\t<\/div>\n\t\t<\/section>\n\t\t\t\t<section class=\"elementor-section elementor-top-section elementor-element elementor-element-2912203 elementor-section-full_width elementor-reverse-tablet elementor-reverse-mobile elementor-section-height-default elementor-section-height-default\" data-id=\"2912203\" data-element_type=\"section\" data-e-type=\"section\">\n\t\t\t\t\t\t<div class=\"elementor-container elementor-column-gap-no\">\n\t\t\t\t\t<div class=\"elementor-column elementor-col-50 elementor-top-column elementor-element elementor-element-285ee29\" data-id=\"285ee29\" data-element_type=\"column\" data-e-type=\"column\" data-settings=\"{&quot;background_background&quot;:&quot;classic&quot;}\">\n\t\t\t<div class=\"elementor-widget-wrap elementor-element-populated\">\n\t\t\t\t\t\t<section class=\"elementor-section elementor-inner-section elementor-element elementor-element-21bb7c4 elementor-section-boxed elementor-section-height-default elementor-section-height-default\" data-id=\"21bb7c4\" data-element_type=\"section\" data-e-type=\"section\">\n\t\t\t\t\t\t<div class=\"elementor-container elementor-column-gap-default\">\n\t\t\t\t\t<div class=\"elementor-column elementor-col-100 elementor-inner-column elementor-element elementor-element-aa6c354\" data-id=\"aa6c354\" data-element_type=\"column\" data-e-type=\"column\">\n\t\t\t<div class=\"elementor-widget-wrap elementor-element-populated\">\n\t\t\t\t\t\t<div class=\"elementor-element elementor-element-d689aab elementor-widget elementor-widget-text-editor\" data-id=\"d689aab\" data-element_type=\"widget\" data-e-type=\"widget\" data-widget_type=\"text-editor.default\">\n\t\t\t\t<div class=\"elementor-widget-container\">\n\t\t\t\t\t\t\t\t\t<h2>Rallimuseon Yst\u00e4v\u00e4t ry<\/h2><p>Rallimuseo pit\u00e4\u00e4 sis\u00e4ll\u00e4\u00e4n laajan katsauksen ralliautoilun historiaan.<\/p><p>N\u00e4yttelyss\u00e4 on my\u00f6s vuosittain vaihtuvia osioita, joissa k\u00e4sitell\u00e4\u00e4n ajankohtaisia teemoja. Vuoden 2019 Timantti-osion teemana on suomalaiset Formula1 maailmanmestarit rallissa.<\/p><p>Rallimuseossa kerrotaan my\u00f6s \u00e4\u00e4riolosuhteissa ajettavista ralleista kuten aavikkoralleista, ja Suomessakin j\u00e4rjestett\u00e4vist\u00e4 talviralleista. N\u00e4yt\u00e4mme my\u00f6s, miten ralliautojen kisahuolto ennen vanhaan j\u00e4rjestettiin.<\/p><p>Kansainv\u00e4linen Rally Hall of Fame saa arvoisensa puitteet Rallimuseosta. Hall of Fame on omistettu uransa p\u00e4\u00e4tt\u00e4neille mestarikuskeille ja muille rallin vaikuttajille.<\/p><p>Lapset ja lapsenmieliset viihtyv\u00e4t varmasti Rallimuseossa, jossa voi testata omia ajotaitojaan kahden pelattavalla Sega Rally -pelill\u00e4.<\/p>\t\t\t\t\t\t\t\t<\/div>\n\t\t\t\t<\/div>\n\t\t\t\t\t<\/div>\n\t\t<\/div>\n\t\t\t\t\t<\/div>\n\t\t<\/section>\n\t\t\t\t\t<\/div>\n\t\t<\/div>\n\t\t\t\t<div class=\"elementor-column elementor-col-50 elementor-top-column elementor-element elementor-element-d843334\" data-id=\"d843334\" data-element_type=\"column\" data-e-type=\"column\" data-settings=\"{&quot;background_background&quot;:&quot;classic&quot;}\">\n\t\t\t<div class=\"elementor-widget-wrap elementor-element-populated\">\n\t\t\t\t\t\t<div class=\"elementor-element elementor-element-3891e46 elementor-widget elementor-widget-spacer\" data-id=\"3891e46\" data-element_type=\"widget\" data-e-type=\"widget\" data-widget_type=\"spacer.default\">\n\t\t\t\t<div class=\"elementor-widget-container\">\n\t\t\t\t\t\t\t<div class=\"elementor-spacer\">\n\t\t\t<div class=\"elementor-spacer-inner\"><\/div>\n\t\t<\/div>\n\t\t\t\t\t\t<\/div>\n\t\t\t\t<\/div>\n\t\t\t\t\t<\/div>\n\t\t<\/div>\n\t\t\t\t\t<\/div>\n\t\t<\/section>\n\t\t\t\t<section class=\"elementor-section elementor-top-section elementor-element elementor-element-eac5a8f elementor-section-content-middle elementor-section-boxed elementor-section-height-default elementor-section-height-default\" data-id=\"eac5a8f\" data-element_type=\"section\" data-e-type=\"section\">\n\t\t\t\t\t\t<div class=\"elementor-container elementor-column-gap-default\">\n\t\t\t\t\t<div class=\"elementor-column elementor-col-50 elementor-top-column elementor-element elementor-element-6c2669a\" data-id=\"6c2669a\" data-element_type=\"column\" data-e-type=\"column\">\n\t\t\t<div class=\"elementor-widget-wrap elementor-element-populated\">\n\t\t\t\t\t\t<div class=\"elementor-element elementor-element-949f902 elementor-widget elementor-widget-image\" data-id=\"949f902\" data-element_type=\"widget\" data-e-type=\"widget\" data-widget_type=\"image.default\">\n\t\t\t\t<div class=\"elementor-widget-container\">\n\t\t\t\t\t\t\t\t\t\t\t\t\t\t\t<img decoding=\"async\" width=\"705\" height=\"550\" src=\"https:\/\/mobilia.fi\/wp-content\/uploads\/2020\/03\/simo-lampinen-mobilia.jpg\" class=\"attachment-full size-full wp-image-636\" alt=\"Simo Lampinen mustavalkoisessa kuvassa hymyilem\u00e4ss\u00e4 Saabin ikkunassa kuljettajan penkill\u00e4.\" srcset=\"https:\/\/mobilia.fi\/wp-content\/uploads\/2020\/03\/simo-lampinen-mobilia.jpg 705w, https:\/\/mobilia.fi\/wp-content\/uploads\/2020\/03\/simo-lampinen-mobilia-300x234.jpg 300w\" sizes=\"(max-width: 705px) 100vw, 705px\" \/>\t\t\t\t\t\t\t\t\t\t\t\t\t\t\t<\/div>\n\t\t\t\t<\/div>\n\t\t\t\t\t<\/div>\n\t\t<\/div>\n\t\t\t\t<div class=\"elementor-column elementor-col-50 elementor-top-column elementor-element elementor-element-ce576a6\" data-id=\"ce576a6\" data-element_type=\"column\" data-e-type=\"column\">\n\t\t\t<div class=\"elementor-widget-wrap elementor-element-populated\">\n\t\t\t\t\t\t<section class=\"elementor-section elementor-inner-section elementor-element elementor-element-6829406 elementor-section-boxed elementor-section-height-default elementor-section-height-default\" data-id=\"6829406\" data-element_type=\"section\" data-e-type=\"section\">\n\t\t\t\t\t\t<div class=\"elementor-container elementor-column-gap-default\">\n\t\t\t\t\t<div class=\"elementor-column elementor-col-100 elementor-inner-column elementor-element elementor-element-e08da28\" data-id=\"e08da28\" data-element_type=\"column\" data-e-type=\"column\">\n\t\t\t<div class=\"elementor-widget-wrap elementor-element-populated\">\n\t\t\t\t\t\t<div class=\"elementor-element elementor-element-c62d3e9 elementor-widget elementor-widget-text-editor\" data-id=\"c62d3e9\" data-element_type=\"widget\" data-e-type=\"widget\" data-widget_type=\"text-editor.default\">\n\t\t\t\t<div class=\"elementor-widget-container\">\n\t\t\t\t\t\t\t\t\t<h2>Rallimuseon suojelijana Simo Lampinen<\/h2>\t\t\t\t\t\t\t\t<\/div>\n\t\t\t\t<\/div>\n\t\t\t\t<div class=\"elementor-element elementor-element-8f27b75 elementor-widget elementor-widget-text-editor\" data-id=\"8f27b75\" data-element_type=\"widget\" data-e-type=\"widget\" data-widget_type=\"text-editor.default\">\n\t\t\t\t<div class=\"elementor-widget-container\">\n\t\t\t\t\t\t\t\t\t<p><span style=\"color: #58595b;\">Rallin nelinkertainen Suomen mestari Simo Lampinen toivottaa kaikki rallin yst\u00e4v\u00e4t tervetulleiksi Rallimuseoon. Simo Lampinen on tehnyt pitk\u00e4n uran ralliautoilun parissa niin kuskina kuin j\u00e4rjest\u00f6teht\u00e4viss\u00e4. Rallimuseon suojelijana Lampinen edustaa Rallimuseota meill\u00e4 ja maailmalla.<\/span><\/p><p><span class=\"custom-sub-header\">Ajankohtaisimmat tiedot Rallimuseosta saat seuraamalla Rallimuseon Facebook-sivua<\/span><\/p>\t\t\t\t\t\t\t\t<\/div>\n\t\t\t\t<\/div>\n\t\t\t\t\t<\/div>\n\t\t<\/div>\n\t\t\t\t\t<\/div>\n\t\t<\/section>\n\t\t\t\t\t<\/div>\n\t\t<\/div>\n\t\t\t\t\t<\/div>\n\t\t<\/section>\n\t\t\t\t<\/div>\n\t\t","protected":false},"excerpt":{"rendered":"<p>Rallimuseo Suomalaiset ovat rallikansaa Suomalaiset ovat tunnetusti rallikansaa: meill\u00e4 on enemm\u00e4n rallin maailmanmestareita kuin miss\u00e4\u00e4n muualla maailmassa ja runsaasti perinteikk\u00e4it\u00e4 ja arvostettuja kilpailuja. Suomalainen rallikansa sai oman museonsa auto- ja tieliikennemuseo Mobilian yhteyteen Kangasalle 17.6.2016. Jo olemassa oleva Rally Hall of Fame siirtyi Rallimuseon osaksi. Rallimuseon Yst\u00e4v\u00e4t Ry Rallimuseon Yst\u00e4v\u00e4t Ry aloittaa toimintansa vuoden 2020 [&hellip;]<\/p>\n","protected":false},"author":1,"featured_media":848,"parent":18,"menu_order":13,"comment_status":"closed","ping_status":"closed","template":"","meta":{"_acf_changed":false,"inline_featured_image":false,"footnotes":""},"class_list":["post-811","page","type-page","status-publish","has-post-thumbnail","hentry"],"acf":[],"_links":{"self":[{"href":"https:\/\/mobilia.fi\/fi\/wp-json\/wp\/v2\/pages\/811","targetHints":{"allow":["GET"]}}],"collection":[{"href":"https:\/\/mobilia.fi\/fi\/wp-json\/wp\/v2\/pages"}],"about":[{"href":"https:\/\/mobilia.fi\/fi\/wp-json\/wp\/v2\/types\/page"}],"author":[{"embeddable":true,"href":"https:\/\/mobilia.fi\/fi\/wp-json\/wp\/v2\/users\/1"}],"replies":[{"embeddable":true,"href":"https:\/\/mobilia.fi\/fi\/wp-json\/wp\/v2\/comments?post=811"}],"version-history":[{"count":2,"href":"https:\/\/mobilia.fi\/fi\/wp-json\/wp\/v2\/pages\/811\/revisions"}],"predecessor-version":[{"id":847,"href":"https:\/\/mobilia.fi\/fi\/wp-json\/wp\/v2\/pages\/811\/revisions\/847"}],"up":[{"embeddable":true,"href":"https:\/\/mobilia.fi\/fi\/wp-json\/wp\/v2\/pages\/18"}],"wp:featuredmedia":[{"embeddable":true,"href":"https:\/\/mobilia.fi\/fi\/wp-json\/wp\/v2\/media\/848"}],"wp:attachment":[{"href":"https:\/\/mobilia.fi\/fi\/wp-json\/wp\/v2\/media?parent=811"}],"curies":[{"name":"wp","href":"https:\/\/api.w.org\/{rel}","templated":true}]}}