{"id":817,"date":"2020-04-03T09:01:42","date_gmt":"2020-04-03T06:01:42","guid":{"rendered":"https:\/\/mobilia.fi\/?page_id=817"},"modified":"2021-01-19T14:50:25","modified_gmt":"2021-01-19T12:50:25","slug":"tietosuoja","status":"publish","type":"page","link":"https:\/\/mobilia.fi\/fi\/museo\/tietosuoja\/","title":{"rendered":"Tietosuoja"},"content":{"rendered":"\t\t<div data-elementor-type=\"wp-page\" data-elementor-id=\"817\" class=\"elementor elementor-817\" data-elementor-post-type=\"page\">\n\t\t\t\t\t\t<section class=\"elementor-section elementor-top-section elementor-element elementor-element-4096226c elementor-section-height-min-height elementor-section-boxed elementor-section-height-default elementor-section-items-middle\" data-id=\"4096226c\" data-element_type=\"section\" data-e-type=\"section\" data-settings=\"{&quot;background_background&quot;:&quot;classic&quot;}\">\n\t\t\t\t\t\t\t<div class=\"elementor-background-overlay\"><\/div>\n\t\t\t\t\t\t\t<div class=\"elementor-container elementor-column-gap-default\">\n\t\t\t\t\t<div class=\"elementor-column elementor-col-100 elementor-top-column elementor-element elementor-element-4839aeab\" data-id=\"4839aeab\" data-element_type=\"column\" data-e-type=\"column\">\n\t\t\t<div class=\"elementor-widget-wrap elementor-element-populated\">\n\t\t\t\t\t\t<div class=\"elementor-element elementor-element-391cdba3 elementor-widget elementor-widget-text-editor\" data-id=\"391cdba3\" data-element_type=\"widget\" data-e-type=\"widget\" data-widget_type=\"text-editor.default\">\n\t\t\t\t<div class=\"elementor-widget-container\">\n\t\t\t\t\t\t\t\t\t<h1>Tietosuoja<\/h1><p>Julkaistu 1.8.2018<\/p>\t\t\t\t\t\t\t\t<\/div>\n\t\t\t\t<\/div>\n\t\t\t\t\t<\/div>\n\t\t<\/div>\n\t\t\t\t\t<\/div>\n\t\t<\/section>\n\t\t\t\t<section class=\"elementor-section elementor-top-section elementor-element elementor-element-d4722ff elementor-section-boxed elementor-section-height-default elementor-section-height-default\" data-id=\"d4722ff\" data-element_type=\"section\" data-e-type=\"section\">\n\t\t\t\t\t\t<div class=\"elementor-container elementor-column-gap-default\">\n\t\t\t\t\t<div class=\"elementor-column elementor-col-100 elementor-top-column elementor-element elementor-element-44fe889\" data-id=\"44fe889\" data-element_type=\"column\" data-e-type=\"column\">\n\t\t\t<div class=\"elementor-widget-wrap elementor-element-populated\">\n\t\t\t\t\t\t<section class=\"elementor-section elementor-inner-section elementor-element elementor-element-01563f2 elementor-section-boxed elementor-section-height-default elementor-section-height-default\" data-id=\"01563f2\" data-element_type=\"section\" data-e-type=\"section\">\n\t\t\t\t\t\t<div class=\"elementor-container elementor-column-gap-default\">\n\t\t\t\t\t<div class=\"elementor-column elementor-col-100 elementor-inner-column elementor-element elementor-element-d334ab1\" data-id=\"d334ab1\" data-element_type=\"column\" data-e-type=\"column\">\n\t\t\t<div class=\"elementor-widget-wrap elementor-element-populated\">\n\t\t\t\t\t\t<div class=\"elementor-element elementor-element-726dc3f elementor-widget elementor-widget-text-editor\" data-id=\"726dc3f\" data-element_type=\"widget\" data-e-type=\"widget\" data-widget_type=\"text-editor.default\">\n\t\t\t\t<div class=\"elementor-widget-container\">\n\t\t\t\t\t\t\t\t\t<h3>Tietosuojaseloste<\/h3><p>Henkil\u00f6tietolain 523\/1999 10 \u00a7:n ja 24 \u00a7:n ja EU:n yleisen tietosuoja-asetuksen (GDPR) mukainen tietosuojaseloste.<\/p><p>Laadittu 1.8.2018.<\/p><p><strong>REKISTERINPIT\u00c4J\u00c4<\/strong><\/p><p>Mobilia s\u00e4\u00e4ti\u00f6 (y-tunnus 0617853-9) Kustaa Kolmannen tie 75, 36270 Kangasala<br \/>Puh. 03 3140 4000 asiakaspalvelu@mobilia.fi<\/p><p><strong>YHTEYSHENKIL\u00d6 REKISTERI\u00c4 KOSKEVISSA ASIOISSA<\/strong><\/p><p>Elina Ij\u00e4s, Kustaa Kolmannen tie 75, 36270 Kangasala puh. 040 9006640 elina.ijas@mobilia.fi<\/p><p><strong>REKISTERIN NIMI<\/strong><\/p><p>Mobilia s\u00e4\u00e4ti\u00f6n asiakasrekisteri. Rekisteri koostuu useammasta alarekisterist\u00e4.<\/p><p><strong>HENKIL\u00d6TIETOJEN K\u00c4SITTELYN TARKOITUS<\/strong><\/p><p>Rekisterin k\u00e4ytt\u00f6tarkoitus on Mobilia s\u00e4\u00e4ti\u00f6n asiakasrekisterin yll\u00e4pit\u00e4minen sek\u00e4 asiakkaiden tarjouspyynt\u00f6jen k\u00e4sittely<br \/>ja arkistointi sek\u00e4 asiakassuhteen hoitaminen. Rekisterin tietoja voidaan k\u00e4ytt\u00e4\u00e4 Mobilia s\u00e4\u00e4ti\u00f6n omissa rekistereiss\u00e4<br \/>mainonnan kohdistamiseen luovuttamatta henkil\u00f6tietoja ulkopuoliselle taholle.<\/p><p><strong>REKISTERIN TIETOSIS\u00c4LT\u00d6<\/strong><\/p><p>Asiakasrekisteri koostuu useasta alarekisterist\u00e4, joissa on tallennettuna tietoja asiakkaasta seuraavasti:<\/p><p>1) asiakkaan yhteystiedot tarjouspyynt\u00f6jen mahdollistamiseksi. Lis\u00e4ksi, yhteyshenkil\u00f6n puhelinnumero sek\u00e4 yritys<br \/>Tietoja s\u00e4ilytet\u00e4\u00e4n v\u00e4hint\u00e4\u00e4n kuusi vuotta.<\/p><p><strong>S\u00c4\u00c4NN\u00d6NMUKAISET TIETOL\u00c4HTEET<\/strong><\/p><p>Rekisterin yhteys- ja asiakkuustietoja saadaan asiakkaalta itselt\u00e4\u00e4n h\u00e4nen l\u00e4hett\u00e4ess\u00e4\u00e4n tarjouspyynt\u00f6.<\/p><p><strong>TIETOJEN LUOVUTUKSET JA TIETOJEN SIIRTO EU:N TAI EUROOPAN TALOUSALUEEN ULKOPUOLELLE<\/strong><\/p><p>Asiakasrekisterist\u00e4 voidaan luovuttaa nimi- ja osoitetietoja vain Mobilia s\u00e4\u00e4ti\u00f6n omiin tarkoituksiin.<\/p><p><strong>REKISTERIN SUOJAUKSEN PERIAATTEET<\/strong><\/p><p>Manuaalisia aineistoja s\u00e4ilytet\u00e4\u00e4n lukituissa tiloissa.<br \/>ATK:lla k\u00e4sitelt\u00e4vi\u00e4 tietoja voivat k\u00e4sitell\u00e4 vain erikseen sovitut ty\u00f6ntekij\u00e4t, joilla kullakin on omat k\u00e4ytt\u00e4j\u00e4tunnukset ja<br \/>salasanat j\u00e4rjestelm\u00e4\u00e4n. Vaitiolovelvollisuus sitoo asiakastietoja k\u00e4sittelevi\u00e4 ty\u00f6ntekij\u00f6it\u00e4. Tietoj\u00e4rjestelm\u00e4 on suojattu<br \/>palomuurilla ulkopuolelta tulevia yhteydenottoja vastaan.<\/p><p><strong>TARKASTUSOIKEUS<\/strong><\/p><p>Jokaisella Mobilia s\u00e4\u00e4ti\u00f6n asiakkaalla on p\u00e4\u00e4s\u00e4\u00e4nt\u00f6isesti oikeus tarkastaa omat tietonsa Mobilia s\u00e4\u00e4ti\u00f6n<br \/>asiakasrekisterist\u00e4. Tarkastuspyynn\u00f6t tulee osoittaa kirjallisesti s\u00e4hk\u00f6postiosoitteeseen asiakaspalvelu@mobilia.fi , josta<br \/>pyynn\u00f6t ohjataan asianomaisen henkil\u00f6n asiakastietojen yll\u00e4pidosta vastaavalle henkil\u00f6lle. Mobilia s\u00e4\u00e4ti\u00f6 voi pyyt\u00e4\u00e4<br \/>tarvittaessa pyynn\u00f6n esitt\u00e4j\u00e4\u00e4 todistamaan henkil\u00f6llisyytens\u00e4. Mobilia s\u00e4\u00e4ti\u00f6 vastaa asiakkaalle EU:n tietosuoja-asetuksessa s\u00e4\u00e4detyss\u00e4 ajassa (p\u00e4\u00e4s\u00e4\u00e4nt\u00f6isesti kuukauden kuluessa).<\/p><p><strong>OIKEUS VAATIA TIEDON KORJAAMISTA<\/strong><\/p><p>Jokaisella Mobilia s\u00e4\u00e4ti\u00f6n asiakkaalla on oikeus vaatia oman virheellisen henkil\u00f6tietonsa korjaamista. Korjauspyynn\u00f6t<br \/>tulee osoittaa kirjallisesti osoitteeseen asiakaspalvelu@mobilia.fi , josta ne ohjataan asianomaisen henkil\u00f6n<br \/>asiakastietojen yll\u00e4pidosta vastaavalle henkil\u00f6lle. <\/p><p><strong>MOBILIA S\u00c4\u00c4TI\u00d6<\/strong><\/p><p>Tietosuojaseloste kotisivujen yll\u00e4pit\u00e4minen | Elina Ij\u00e4s<\/p><p><strong>MUUT HENKIL\u00d6TIETOJEN K\u00c4SITTELYYN LIITTYV\u00c4T OIKEUDET<\/strong><\/p><p>Rekister\u00f6idyll\u00e4 on oikeus kielt\u00e4\u00e4 Mobilia s\u00e4\u00e4ti\u00f6t\u00e4 k\u00e4sittelem\u00e4st\u00e4 h\u00e4nt\u00e4 itse\u00e4\u00e4n koskevia tietoja suoramainontaa,<br \/>et\u00e4myynti\u00e4 ja muuta suoramarkkinointia sek\u00e4 markkina- ja mielipidetutkimusta varten. Rekister\u00f6idyll\u00e4 on oikeus pyyt\u00e4\u00e4<br \/>omien tietojensa poistamista Mobilia s\u00e4\u00e4ti\u00f6n rekisterist\u00e4. Pyynt\u00f6 toteutetaan ellei lains\u00e4\u00e4d\u00e4nt\u00f6, avoimet laskut tai<br \/>perint\u00e4toimet est\u00e4 tietojen poistamista. Mobilia s\u00e4\u00e4ti\u00f6y voi pyyt\u00e4\u00e4 tarvittaessa pyynn\u00f6n esitt\u00e4j\u00e4\u00e4 todistamaan<br \/>henkil\u00f6llisyytens\u00e4. Mobilia s\u00e4\u00e4ti\u00f6 vastaa asiakkaalle EU:n tietosuoja-asetuksessa s\u00e4\u00e4detyss\u00e4 ajassa (p\u00e4\u00e4s\u00e4\u00e4nt\u00f6isesti<br \/>kuukauden kuluessa).<\/p><p><strong>MOBILIA S\u00c4\u00c4TI\u00d6N ON<\/strong> <strong>THE ROAD -MOBIILIPELIN TIETOSUOJASELOSTE<\/strong><\/p><p>Mobilia S\u00e4\u00e4ti\u00f6 ei tallenna On The Road -mobiilipelin k\u00e4ytt\u00e4jist\u00e4 mit\u00e4\u00e4n henkil\u00f6tietoja tai muuta dataa. Pelin aikana otetut valokuvat eiv\u00e4t tallennu pelinkehitt\u00e4j\u00e4n (Mobilia S\u00e4\u00e4ti\u00f6) arkistoon.<\/p>\t\t\t\t\t\t\t\t<\/div>\n\t\t\t\t<\/div>\n\t\t\t\t\t<\/div>\n\t\t<\/div>\n\t\t\t\t\t<\/div>\n\t\t<\/section>\n\t\t\t\t\t<\/div>\n\t\t<\/div>\n\t\t\t\t\t<\/div>\n\t\t<\/section>\n\t\t\t\t<\/div>\n\t\t","protected":false},"excerpt":{"rendered":"<p>Tietosuoja Julkaistu 1.8.2018 Tietosuojaseloste Henkil\u00f6tietolain 523\/1999 10 \u00a7:n ja 24 \u00a7:n ja EU:n yleisen tietosuoja-asetuksen (GDPR) mukainen tietosuojaseloste. Laadittu 1.8.2018. REKISTERINPIT\u00c4J\u00c4 Mobilia s\u00e4\u00e4ti\u00f6 (y-tunnus 0617853-9) Kustaa Kolmannen tie 75, 36270 KangasalaPuh. 03 3140 4000 asiakaspalvelu@mobilia.fi YHTEYSHENKIL\u00d6 REKISTERI\u00c4 KOSKEVISSA ASIOISSA Elina Ij\u00e4s, Kustaa Kolmannen tie 75, 36270 Kangasala puh. 040 9006640 elina.ijas@mobilia.fi REKISTERIN NIMI Mobilia s\u00e4\u00e4ti\u00f6n [&hellip;]<\/p>\n","protected":false},"author":1,"featured_media":382,"parent":18,"menu_order":18,"comment_status":"closed","ping_status":"closed","template":"","meta":{"_acf_changed":false,"inline_featured_image":false,"footnotes":""},"class_list":["post-817","page","type-page","status-publish","has-post-thumbnail","hentry"],"acf":[],"_links":{"self":[{"href":"https:\/\/mobilia.fi\/fi\/wp-json\/wp\/v2\/pages\/817","targetHints":{"allow":["GET"]}}],"collection":[{"href":"https:\/\/mobilia.fi\/fi\/wp-json\/wp\/v2\/pages"}],"about":[{"href":"https:\/\/mobilia.fi\/fi\/wp-json\/wp\/v2\/types\/page"}],"author":[{"embeddable":true,"href":"https:\/\/mobilia.fi\/fi\/wp-json\/wp\/v2\/users\/1"}],"replies":[{"embeddable":true,"href":"https:\/\/mobilia.fi\/fi\/wp-json\/wp\/v2\/comments?post=817"}],"version-history":[{"count":11,"href":"https:\/\/mobilia.fi\/fi\/wp-json\/wp\/v2\/pages\/817\/revisions"}],"predecessor-version":[{"id":3347,"href":"https:\/\/mobilia.fi\/fi\/wp-json\/wp\/v2\/pages\/817\/revisions\/3347"}],"up":[{"embeddable":true,"href":"https:\/\/mobilia.fi\/fi\/wp-json\/wp\/v2\/pages\/18"}],"wp:featuredmedia":[{"embeddable":true,"href":"https:\/\/mobilia.fi\/fi\/wp-json\/wp\/v2\/media\/382"}],"wp:attachment":[{"href":"https:\/\/mobilia.fi\/fi\/wp-json\/wp\/v2\/media?parent=817"}],"curies":[{"name":"wp","href":"https:\/\/api.w.org\/{rel}","templated":true}]}}