{"id":8608,"date":"2022-12-01T11:17:34","date_gmt":"2022-12-01T09:17:34","guid":{"rendered":"https:\/\/mobilia.fi\/?page_id=8608"},"modified":"2023-01-31T07:24:46","modified_gmt":"2023-01-31T05:24:46","slug":"verkkopaja","status":"publish","type":"page","link":"https:\/\/mobilia.fi\/fi\/museo\/verkkopaja\/","title":{"rendered":"Verkkopaja"},"content":{"rendered":"\t\t<div data-elementor-type=\"wp-page\" data-elementor-id=\"8608\" class=\"elementor elementor-8608\" data-elementor-post-type=\"page\">\n\t\t\t\t\t\t<section class=\"elementor-section elementor-top-section elementor-element elementor-element-6a801bf2 elementor-section-height-min-height elementor-section-boxed elementor-section-height-default elementor-section-items-middle\" data-id=\"6a801bf2\" data-element_type=\"section\" data-e-type=\"section\" data-settings=\"{&quot;background_background&quot;:&quot;classic&quot;}\">\n\t\t\t\t\t\t\t<div class=\"elementor-background-overlay\"><\/div>\n\t\t\t\t\t\t\t<div class=\"elementor-container elementor-column-gap-default\">\n\t\t\t\t\t<div class=\"elementor-column elementor-col-100 elementor-top-column elementor-element elementor-element-2340bedb\" data-id=\"2340bedb\" data-element_type=\"column\" data-e-type=\"column\">\n\t\t\t<div class=\"elementor-widget-wrap elementor-element-populated\">\n\t\t\t\t\t\t<section class=\"elementor-section elementor-inner-section elementor-element elementor-element-7c1dfcd elementor-section-boxed elementor-section-height-default elementor-section-height-default\" data-id=\"7c1dfcd\" data-element_type=\"section\" data-e-type=\"section\">\n\t\t\t\t\t\t<div class=\"elementor-container elementor-column-gap-default\">\n\t\t\t\t\t<div class=\"elementor-column elementor-col-100 elementor-inner-column elementor-element elementor-element-52fe2b2\" data-id=\"52fe2b2\" data-element_type=\"column\" data-e-type=\"column\">\n\t\t\t<div class=\"elementor-widget-wrap elementor-element-populated\">\n\t\t\t\t\t\t<div class=\"elementor-element elementor-element-57ebadd2 elementor-widget elementor-widget-text-editor\" data-id=\"57ebadd2\" data-element_type=\"widget\" data-e-type=\"widget\" data-widget_type=\"text-editor.default\">\n\t\t\t\t<div class=\"elementor-widget-container\">\n\t\t\t\t\t\t\t\t\t<h1>Verkkopaja<\/h1><p>Mobilian digitaalinen oppimisymp\u00e4rist\u00f6<\/p>\t\t\t\t\t\t\t\t<\/div>\n\t\t\t\t<\/div>\n\t\t\t\t\t<\/div>\n\t\t<\/div>\n\t\t\t\t\t<\/div>\n\t\t<\/section>\n\t\t\t\t\t<\/div>\n\t\t<\/div>\n\t\t\t\t\t<\/div>\n\t\t<\/section>\n\t\t\t\t<section class=\"elementor-section elementor-top-section elementor-element elementor-element-2e9d91ce elementor-section-boxed elementor-section-height-default elementor-section-height-default\" data-id=\"2e9d91ce\" data-element_type=\"section\" data-e-type=\"section\">\n\t\t\t\t\t\t<div class=\"elementor-container elementor-column-gap-default\">\n\t\t\t\t\t<div class=\"elementor-column elementor-col-100 elementor-top-column elementor-element elementor-element-38953808\" data-id=\"38953808\" data-element_type=\"column\" data-e-type=\"column\">\n\t\t\t<div class=\"elementor-widget-wrap elementor-element-populated\">\n\t\t\t\t\t\t<div class=\"elementor-element elementor-element-bde7d5e elementor-widget elementor-widget-text-editor\" data-id=\"bde7d5e\" data-element_type=\"widget\" data-e-type=\"widget\" data-widget_type=\"text-editor.default\">\n\t\t\t\t<div class=\"elementor-widget-container\">\n\t\t\t\t\t\t\t\t\t<p>Verkkopaja on Mobilian digitaalinen oppimisymp\u00e4rist\u00f6, joka sis\u00e4lt\u00e4\u00e4 erilaisia s\u00e4hk\u00f6isi\u00e4 palveluita. Verkkopaja on toteutettu Claned \u00ae -alustalle, ja sen tarkoituksena on helpottaa meid\u00e4n kaikkien s\u00e4hk\u00f6ist\u00e4 asiointia.<\/p><p>Verkkopajassa Mobilian ja sen sidosryhmien asiantuntijat ovat k\u00e4ytett\u00e4viss\u00e4si ymp\u00e4ri vuoden. Vastaamme kysymyksiin ja autamme ongelmissa.<\/p>\t\t\t\t\t\t\t\t<\/div>\n\t\t\t\t<\/div>\n\t\t\t\t\t<\/div>\n\t\t<\/div>\n\t\t\t\t\t<\/div>\n\t\t<\/section>\n\t\t\t\t<section class=\"elementor-section elementor-top-section elementor-element elementor-element-4485b30 elementor-section-boxed elementor-section-height-default elementor-section-height-default\" data-id=\"4485b30\" data-element_type=\"section\" data-e-type=\"section\">\n\t\t\t\t\t\t<div class=\"elementor-container elementor-column-gap-default\">\n\t\t\t\t\t<div class=\"elementor-column elementor-col-100 elementor-top-column elementor-element elementor-element-f833f6a\" data-id=\"f833f6a\" data-element_type=\"column\" data-e-type=\"column\">\n\t\t\t<div class=\"elementor-widget-wrap elementor-element-populated\">\n\t\t\t\t\t\t<div class=\"elementor-element elementor-element-65b9a82 elementor-widget elementor-widget-text-editor\" data-id=\"65b9a82\" data-element_type=\"widget\" data-e-type=\"widget\" data-widget_type=\"text-editor.default\">\n\t\t\t\t<div class=\"elementor-widget-container\">\n\t\t\t\t\t\t\t\t\t<p><strong>HUOM! Ensimm\u00e4ist\u00e4 kertaa Verkkopajaan menness\u00e4si sinun on rekister\u00f6idytt\u00e4v\u00e4!<\/strong><\/p><p>T\u00e4ll\u00f6in tunnuksellesi annetaan p\u00e4\u00e4sy Verkkopajan alueille ja muita asetuksia. Rekister\u00f6ityminen onnistuu <strong>alempana sivulla<\/strong> olevien rekister\u00f6itymisohjeiden linkill\u00e4. Jatkossa voit sitten menn\u00e4 suoraan Verkkopajaan oheisella painikkeella.<\/p>\t\t\t\t\t\t\t\t<\/div>\n\t\t\t\t<\/div>\n\t\t\t\t<section class=\"elementor-section elementor-inner-section elementor-element elementor-element-691b3b4 elementor-section-boxed elementor-section-height-default elementor-section-height-default\" data-id=\"691b3b4\" data-element_type=\"section\" data-e-type=\"section\">\n\t\t\t\t\t\t<div class=\"elementor-container elementor-column-gap-default\">\n\t\t\t\t\t<div class=\"elementor-column elementor-col-50 elementor-inner-column elementor-element elementor-element-a02df65\" data-id=\"a02df65\" data-element_type=\"column\" data-e-type=\"column\">\n\t\t\t<div class=\"elementor-widget-wrap elementor-element-populated\">\n\t\t\t\t\t\t<div class=\"elementor-element elementor-element-62b761b elementor-widget elementor-widget-text-editor\" data-id=\"62b761b\" data-element_type=\"widget\" data-e-type=\"widget\" data-widget_type=\"text-editor.default\">\n\t\t\t\t<div class=\"elementor-widget-container\">\n\t\t\t\t\t\t\t\t\t<p><strong>Oletko jo rekister\u00f6itynyt?<\/strong> Verkkopajaan p\u00e4\u00e4set klikkaamalla<\/p>\t\t\t\t\t\t\t\t<\/div>\n\t\t\t\t<\/div>\n\t\t\t\t\t<\/div>\n\t\t<\/div>\n\t\t\t\t<div class=\"elementor-column elementor-col-50 elementor-inner-column elementor-element elementor-element-2462249\" data-id=\"2462249\" data-element_type=\"column\" data-e-type=\"column\">\n\t\t\t<div class=\"elementor-widget-wrap elementor-element-populated\">\n\t\t\t\t\t\t<div class=\"elementor-element elementor-element-c4cea4d elementor-widget elementor-widget-button\" data-id=\"c4cea4d\" data-element_type=\"widget\" data-e-type=\"widget\" data-widget_type=\"button.default\">\n\t\t\t\t<div class=\"elementor-widget-container\">\n\t\t\t\t\t\t\t\t\t<div class=\"elementor-button-wrapper\">\n\t\t\t\t\t<a class=\"elementor-button elementor-button-link elementor-size-sm\" href=\"https:\/\/app.claned.com\/#\/login\" target=\"_blank\" rel=\"noopener\">\n\t\t\t\t\t\t<span class=\"elementor-button-content-wrapper\">\n\t\t\t\t\t\t\t\t\t<span class=\"elementor-button-text\">verkkopajaan<\/span>\n\t\t\t\t\t<\/span>\n\t\t\t\t\t<\/a>\n\t\t\t\t<\/div>\n\t\t\t\t\t\t\t\t<\/div>\n\t\t\t\t<\/div>\n\t\t\t\t\t<\/div>\n\t\t<\/div>\n\t\t\t\t\t<\/div>\n\t\t<\/section>\n\t\t\t\t<div class=\"elementor-element elementor-element-112487e elementor-widget elementor-widget-text-editor\" data-id=\"112487e\" data-element_type=\"widget\" data-e-type=\"widget\" data-widget_type=\"text-editor.default\">\n\t\t\t\t<div class=\"elementor-widget-container\">\n\t\t\t\t\t\t\t\t\t<h3><span style=\"color: #009cdf;\">Verkkopajassa voit<\/span> <\/h3><ul><li>tutustua liikkuvan kulttuuriperinn\u00f6n perusasioihin<\/li><li>saada apua ajoneuvon historian tutkimiseen ja selvitt\u00e4miseen niin digitaalisia kuin arkistosalien materiaaleja hy\u00f6dynt\u00e4en<\/li><li>perehty\u00e4 ajoneuvon historiallista arvoa s\u00e4ilytt\u00e4vien puhdistus- ja suojaamismenetelmien perusasioihin (osa my\u00f6hemmin toteutettavia avoimen ammattikorkeakoulun opintoja)<\/li><li>saada henkil\u00f6kohtaista ohjausta Museoviraston entis\u00f6intiavustuksen hakuun.<\/li><\/ul><p>\u00a0<\/p><p>Tarjonta t\u00e4ydentyy, joten Verkkopaja kannattaa ottaa seurantaan!<\/p>\t\t\t\t\t\t\t\t<\/div>\n\t\t\t\t<\/div>\n\t\t\t\t\t<\/div>\n\t\t<\/div>\n\t\t\t\t\t<\/div>\n\t\t<\/section>\n\t\t\t\t<section class=\"elementor-section elementor-top-section elementor-element elementor-element-31d9b96 elementor-section-boxed elementor-section-height-default elementor-section-height-default\" data-id=\"31d9b96\" data-element_type=\"section\" data-e-type=\"section\">\n\t\t\t\t\t\t<div class=\"elementor-container elementor-column-gap-default\">\n\t\t\t\t\t<div class=\"elementor-column elementor-col-100 elementor-top-column elementor-element elementor-element-ba6cc63\" data-id=\"ba6cc63\" data-element_type=\"column\" data-e-type=\"column\">\n\t\t\t<div class=\"elementor-widget-wrap elementor-element-populated\">\n\t\t\t\t\t\t<div class=\"elementor-element elementor-element-c4e205c elementor-widget elementor-widget-text-editor\" data-id=\"c4e205c\" data-element_type=\"widget\" data-e-type=\"widget\" data-widget_type=\"text-editor.default\">\n\t\t\t\t<div class=\"elementor-widget-container\">\n\t\t\t\t\t\t\t\t\t<h3><span style=\"color: #009cdf;\">Kysymyksi\u00e4 ja vastauksia<\/span><\/h3><p><em>Miten p\u00e4\u00e4sen alkuun?<\/em><br \/>Se on helppoa, l\u00f6yd\u00e4t n\u00e4iden kysymysten alta kirjautumisohjeen \u2013 n\u00e4hd\u00e4\u00e4n pian Verkkopajassa!<\/p><p><em>Miksi Verkkopajaan pit\u00e4\u00e4 kirjautua s\u00e4hk\u00f6postilla?<\/em><br \/>Verkkopaja perustuu ihan oikeasti vuorovaikutukseen ja yhteydenpitoon. Meid\u00e4n on tarpeellista saada k\u00e4ytt\u00e4jiin yhteys ja pysty\u00e4 varmistumaan siit\u00e4, ett\u00e4 asiat sujuvat suunnitellulla tavalla.<\/p><p><em>Miten yhteydenpito ohjaajiin tapahtuu?<\/em><br \/>Kun olet kirjautunut Verkkopajan k\u00e4ytt\u00e4j\u00e4ksi, sinulle avautuvat Clanedin tarjoamat keskustelumahdollisuudet: Voit l\u00e4hett\u00e4\u00e4 yksityisviestej\u00e4, voit kommentoida suoraan aineistoihin tai jakaa kommenttisi kaikkien k\u00e4ytt\u00e4jien n\u00e4ht\u00e4ville.<\/p><p><em>Mit\u00e4 teen, jos tulee ongelmia?<\/em><br \/>Saat yhteyden ohjaajiin ja yll\u00e4pitoon yksityisviestill\u00e4 Clanedissa tai jos et p\u00e4\u00e4se jostain syyst\u00e4 kirjautumaan, niin s\u00e4hk\u00f6postitse osaaminen@mobilia.fi<\/p><p><em>Mit\u00e4 antamillani tiedoilla tehd\u00e4\u00e4n ja miten niit\u00e4 s\u00e4ilytet\u00e4\u00e4n?<\/em><br \/>L\u00f6yd\u00e4t n\u00e4ihin kysymyksiin vastaukset <a href=\"https:\/\/mobilia.fi\/verkkopajan-tietosuojaseloste\/\">Verkkopajan tietosuojaselosteesta.<\/a><\/p>\t\t\t\t\t\t\t\t<\/div>\n\t\t\t\t<\/div>\n\t\t\t\t\t<\/div>\n\t\t<\/div>\n\t\t\t\t\t<\/div>\n\t\t<\/section>\n\t\t\t\t<section class=\"elementor-section elementor-top-section elementor-element elementor-element-2f97f36 elementor-section-boxed elementor-section-height-default elementor-section-height-default\" data-id=\"2f97f36\" data-element_type=\"section\" data-e-type=\"section\">\n\t\t\t\t\t\t<div class=\"elementor-container elementor-column-gap-default\">\n\t\t\t\t\t<div class=\"elementor-column elementor-col-50 elementor-top-column elementor-element elementor-element-d4d6717\" data-id=\"d4d6717\" data-element_type=\"column\" data-e-type=\"column\">\n\t\t\t<div class=\"elementor-widget-wrap elementor-element-populated\">\n\t\t\t\t\t\t<div class=\"elementor-element elementor-element-e3608fb elementor-widget elementor-widget-text-editor\" data-id=\"e3608fb\" data-element_type=\"widget\" data-e-type=\"widget\" data-widget_type=\"text-editor.default\">\n\t\t\t\t<div class=\"elementor-widget-container\">\n\t\t\t\t\t\t\t\t\t<h3><span style=\"color: #009cdf;\">N\u00e4in rekister\u00f6idyt Verkkopajaan<\/span><\/h3><ol><li>Siirry Mobilian oppimisymp\u00e4rist\u00f6\u00f6n klikkaamalla <a href=\"https:\/\/mobilia.claned.com\/#\/register?token=5cfa10ff-c198-4f48-aa40-6ee6254d5003\" target=\"_blank\" rel=\"noopener\">T\u00c4ST\u00c4<\/a>.<\/li><\/ol>\t\t\t\t\t\t\t\t<\/div>\n\t\t\t\t<\/div>\n\t\t\t\t\t<\/div>\n\t\t<\/div>\n\t\t\t\t<div class=\"elementor-column elementor-col-50 elementor-top-column elementor-element elementor-element-b8396be\" data-id=\"b8396be\" data-element_type=\"column\" data-e-type=\"column\">\n\t\t\t<div class=\"elementor-widget-wrap elementor-element-populated\">\n\t\t\t\t\t\t<div class=\"elementor-element elementor-element-5b94028 elementor-widget elementor-widget-image\" data-id=\"5b94028\" data-element_type=\"widget\" data-e-type=\"widget\" data-widget_type=\"image.default\">\n\t\t\t\t<div class=\"elementor-widget-container\">\n\t\t\t\t\t\t\t\t\t\t\t\t\t\t\t<img fetchpriority=\"high\" decoding=\"async\" width=\"800\" height=\"398\" src=\"https:\/\/mobilia.fi\/wp-content\/uploads\/2022\/12\/etusivu_claned-1024x510.jpg\" class=\"attachment-large size-large wp-image-8630\" alt=\"Sis\u00e4\u00e4nkirjautumissivu jossa mustavalkoisen maantieliikennett\u00e4 kuvaavan kuvan vasemmassa reunassa on Mobilian sininen py\u00f6re\u00e4 logo ja sis\u00e4\u00e4nkirjautumisvalikko.\" srcset=\"https:\/\/mobilia.fi\/wp-content\/uploads\/2022\/12\/etusivu_claned-1024x510.jpg 1024w, https:\/\/mobilia.fi\/wp-content\/uploads\/2022\/12\/etusivu_claned-300x149.jpg 300w, https:\/\/mobilia.fi\/wp-content\/uploads\/2022\/12\/etusivu_claned-768x382.jpg 768w, https:\/\/mobilia.fi\/wp-content\/uploads\/2022\/12\/etusivu_claned-1536x765.jpg 1536w, https:\/\/mobilia.fi\/wp-content\/uploads\/2022\/12\/etusivu_claned.jpg 1701w\" sizes=\"(max-width: 800px) 100vw, 800px\" \/>\t\t\t\t\t\t\t\t\t\t\t\t\t\t\t<\/div>\n\t\t\t\t<\/div>\n\t\t\t\t\t<\/div>\n\t\t<\/div>\n\t\t\t\t\t<\/div>\n\t\t<\/section>\n\t\t\t\t<section class=\"elementor-section elementor-top-section elementor-element elementor-element-1522f97 elementor-section-boxed elementor-section-height-default elementor-section-height-default\" data-id=\"1522f97\" data-element_type=\"section\" data-e-type=\"section\">\n\t\t\t\t\t\t<div class=\"elementor-container elementor-column-gap-default\">\n\t\t\t\t\t<div class=\"elementor-column elementor-col-50 elementor-top-column elementor-element elementor-element-7619e85\" data-id=\"7619e85\" data-element_type=\"column\" data-e-type=\"column\">\n\t\t\t<div class=\"elementor-widget-wrap elementor-element-populated\">\n\t\t\t\t\t\t<div class=\"elementor-element elementor-element-f10b2c5 elementor-widget elementor-widget-text-editor\" data-id=\"f10b2c5\" data-element_type=\"widget\" data-e-type=\"widget\" data-widget_type=\"text-editor.default\">\n\t\t\t\t<div class=\"elementor-widget-container\">\n\t\t\t\t\t\t\t\t\t<p>2. Mobilian oppimisymp\u00e4rist\u00f6ss\u00e4 toimiminen edellytt\u00e4\u00e4 rekister\u00f6itymist\u00e4.<br \/>Sy\u00f6t\u00e4 nimesi ja s\u00e4hk\u00f6postiosoitteesi ja keksi tilillesi salasana. Jatkossa p\u00e4\u00e4set kirjautumaan takaisin s\u00e4hk\u00f6postiosoitteellasi ja salasanallasi. Voit my\u00f6s lis\u00e4t\u00e4 profiilikuvan, mutta se ei ole pakollista. Kuvan voi lis\u00e4t\u00e4 my\u00f6s j\u00e4lkik\u00e4teen.<\/p>\t\t\t\t\t\t\t\t<\/div>\n\t\t\t\t<\/div>\n\t\t\t\t\t<\/div>\n\t\t<\/div>\n\t\t\t\t<div class=\"elementor-column elementor-col-50 elementor-top-column elementor-element elementor-element-3ff7831\" data-id=\"3ff7831\" data-element_type=\"column\" data-e-type=\"column\">\n\t\t\t<div class=\"elementor-widget-wrap elementor-element-populated\">\n\t\t\t\t\t\t<div class=\"elementor-element elementor-element-da5b96d elementor-widget elementor-widget-image\" data-id=\"da5b96d\" data-element_type=\"widget\" data-e-type=\"widget\" data-widget_type=\"image.default\">\n\t\t\t\t<div class=\"elementor-widget-container\">\n\t\t\t\t\t\t\t\t\t\t\t\t\t\t\t<img decoding=\"async\" width=\"599\" height=\"746\" src=\"https:\/\/mobilia.fi\/wp-content\/uploads\/2022\/12\/rekisteroityminen.png\" class=\"attachment-large size-large wp-image-8579\" alt=\"Harmaalla kuvataustalla Mobilian sininen logo ja sen alla rekister\u00f6itymiseen vaadittavat valkoiset tietokent\u00e4t: etu- ja sukunimi, s\u00e4hk\u00f6postiosoite ja salasana.\" srcset=\"https:\/\/mobilia.fi\/wp-content\/uploads\/2022\/12\/rekisteroityminen.png 599w, https:\/\/mobilia.fi\/wp-content\/uploads\/2022\/12\/rekisteroityminen-241x300.png 241w\" sizes=\"(max-width: 599px) 100vw, 599px\" \/>\t\t\t\t\t\t\t\t\t\t\t\t\t\t\t<\/div>\n\t\t\t\t<\/div>\n\t\t\t\t\t<\/div>\n\t\t<\/div>\n\t\t\t\t\t<\/div>\n\t\t<\/section>\n\t\t\t\t<section class=\"elementor-section elementor-top-section elementor-element elementor-element-5295a9c elementor-section-boxed elementor-section-height-default elementor-section-height-default\" data-id=\"5295a9c\" data-element_type=\"section\" data-e-type=\"section\">\n\t\t\t\t\t\t<div class=\"elementor-container elementor-column-gap-default\">\n\t\t\t\t\t<div class=\"elementor-column elementor-col-50 elementor-top-column elementor-element elementor-element-9ba7027\" data-id=\"9ba7027\" data-element_type=\"column\" data-e-type=\"column\">\n\t\t\t<div class=\"elementor-widget-wrap elementor-element-populated\">\n\t\t\t\t\t\t<div class=\"elementor-element elementor-element-812566a elementor-widget elementor-widget-text-editor\" data-id=\"812566a\" data-element_type=\"widget\" data-e-type=\"widget\" data-widget_type=\"text-editor.default\">\n\t\t\t\t<div class=\"elementor-widget-container\">\n\t\t\t\t\t\t\t\t\t<p>3. J\u00e4rjestelm\u00e4 l\u00e4hett\u00e4\u00e4 s\u00e4hk\u00f6postiisi vahvistuslinkin. Jos linkki\u00e4 ei kuulu, tarkista roskapostikansio. Jos vahvistuslinkki\u00e4 ei tule, voit\u00a0 pyyt\u00e4\u00e4 uutta vahvistuslinkki\u00e4.<\/p><p>Klikkaamalla vahvistuslinkki\u00e4 siirryt Mobilian oppimisymp\u00e4rist\u00f6\u00f6n.<\/p>\t\t\t\t\t\t\t\t<\/div>\n\t\t\t\t<\/div>\n\t\t\t\t\t<\/div>\n\t\t<\/div>\n\t\t\t\t<div class=\"elementor-column elementor-col-50 elementor-top-column elementor-element elementor-element-07d6ecb\" data-id=\"07d6ecb\" data-element_type=\"column\" data-e-type=\"column\">\n\t\t\t<div class=\"elementor-widget-wrap elementor-element-populated\">\n\t\t\t\t\t\t<div class=\"elementor-element elementor-element-249d573 elementor-widget elementor-widget-image\" data-id=\"249d573\" data-element_type=\"widget\" data-e-type=\"widget\" data-widget_type=\"image.default\">\n\t\t\t\t<div class=\"elementor-widget-container\">\n\t\t\t\t\t\t\t\t\t\t\t\t\t\t\t<img decoding=\"async\" width=\"800\" height=\"418\" src=\"https:\/\/mobilia.fi\/wp-content\/uploads\/2022\/12\/Vahvistusviesti-sahkopostiin.png\" class=\"attachment-large size-large wp-image-8581\" alt=\"Valkoisella pohjalla s\u00e4hk\u00f6postiviesti Claned-j\u00e4rjestelm\u00e4st\u00e4.\" srcset=\"https:\/\/mobilia.fi\/wp-content\/uploads\/2022\/12\/Vahvistusviesti-sahkopostiin.png 972w, https:\/\/mobilia.fi\/wp-content\/uploads\/2022\/12\/Vahvistusviesti-sahkopostiin-300x157.png 300w, https:\/\/mobilia.fi\/wp-content\/uploads\/2022\/12\/Vahvistusviesti-sahkopostiin-768x401.png 768w\" sizes=\"(max-width: 800px) 100vw, 800px\" \/>\t\t\t\t\t\t\t\t\t\t\t\t\t\t\t<\/div>\n\t\t\t\t<\/div>\n\t\t\t\t\t<\/div>\n\t\t<\/div>\n\t\t\t\t\t<\/div>\n\t\t<\/section>\n\t\t\t\t<section class=\"elementor-section elementor-top-section elementor-element elementor-element-8eadfb3 elementor-section-boxed elementor-section-height-default elementor-section-height-default\" data-id=\"8eadfb3\" data-element_type=\"section\" data-e-type=\"section\">\n\t\t\t\t\t\t<div class=\"elementor-container elementor-column-gap-default\">\n\t\t\t\t\t<div class=\"elementor-column elementor-col-50 elementor-top-column elementor-element elementor-element-4c877c2\" data-id=\"4c877c2\" data-element_type=\"column\" data-e-type=\"column\">\n\t\t\t<div class=\"elementor-widget-wrap elementor-element-populated\">\n\t\t\t\t\t\t<div class=\"elementor-element elementor-element-59dfafb elementor-widget elementor-widget-text-editor\" data-id=\"59dfafb\" data-element_type=\"widget\" data-e-type=\"widget\" data-widget_type=\"text-editor.default\">\n\t\t\t\t<div class=\"elementor-widget-container\">\n\t\t\t\t\t\t\t\t\t<p>4. Lue ja vahvista k\u00e4ytt\u00f6ehdot. Salli my\u00f6s sivun l\u00e4hett\u00e4\u00e4 sinulle s\u00e4hk\u00f6postiin ilmoituksia, sill\u00e4 opettajat ja yll\u00e4pit\u00e4j\u00e4t l\u00e4hett\u00e4v\u00e4t k\u00e4ytt\u00e4jille viestej\u00e4.<\/p>\t\t\t\t\t\t\t\t<\/div>\n\t\t\t\t<\/div>\n\t\t\t\t\t<\/div>\n\t\t<\/div>\n\t\t\t\t<div class=\"elementor-column elementor-col-50 elementor-top-column elementor-element elementor-element-fc54558\" data-id=\"fc54558\" data-element_type=\"column\" data-e-type=\"column\">\n\t\t\t<div class=\"elementor-widget-wrap elementor-element-populated\">\n\t\t\t\t\t\t<div class=\"elementor-element elementor-element-2adedec elementor-widget elementor-widget-image\" data-id=\"2adedec\" data-element_type=\"widget\" data-e-type=\"widget\" data-widget_type=\"image.default\">\n\t\t\t\t<div class=\"elementor-widget-container\">\n\t\t\t\t\t\t\t\t\t\t\t\t\t\t\t<img loading=\"lazy\" decoding=\"async\" width=\"800\" height=\"406\" src=\"https:\/\/mobilia.fi\/wp-content\/uploads\/2022\/12\/Asetusten-tallentaminen.png\" class=\"attachment-large size-large wp-image-8583\" alt=\"Valkoinen tekstikentt\u00e4 nettisivuston p\u00e4\u00e4ll\u00e4, jossa tietoa sivuston k\u00e4yt\u00f6st\u00e4.\" srcset=\"https:\/\/mobilia.fi\/wp-content\/uploads\/2022\/12\/Asetusten-tallentaminen.png 840w, https:\/\/mobilia.fi\/wp-content\/uploads\/2022\/12\/Asetusten-tallentaminen-300x152.png 300w, https:\/\/mobilia.fi\/wp-content\/uploads\/2022\/12\/Asetusten-tallentaminen-768x389.png 768w\" sizes=\"(max-width: 800px) 100vw, 800px\" \/>\t\t\t\t\t\t\t\t\t\t\t\t\t\t\t<\/div>\n\t\t\t\t<\/div>\n\t\t\t\t\t<\/div>\n\t\t<\/div>\n\t\t\t\t\t<\/div>\n\t\t<\/section>\n\t\t\t\t<section class=\"elementor-section elementor-top-section elementor-element elementor-element-950c004 elementor-section-boxed elementor-section-height-default elementor-section-height-default\" data-id=\"950c004\" data-element_type=\"section\" data-e-type=\"section\">\n\t\t\t\t\t\t<div class=\"elementor-container elementor-column-gap-default\">\n\t\t\t\t\t<div class=\"elementor-column elementor-col-50 elementor-top-column elementor-element elementor-element-09ce9fe\" data-id=\"09ce9fe\" data-element_type=\"column\" data-e-type=\"column\">\n\t\t\t<div class=\"elementor-widget-wrap elementor-element-populated\">\n\t\t\t\t\t\t<div class=\"elementor-element elementor-element-166ec0e elementor-widget elementor-widget-text-editor\" data-id=\"166ec0e\" data-element_type=\"widget\" data-e-type=\"widget\" data-widget_type=\"text-editor.default\">\n\t\t\t\t<div class=\"elementor-widget-container\">\n\t\t\t\t\t\t\t\t\t<p>5. Sivu avautuu n\u00e4ytt\u00e4m\u00e4\u00e4n kaikki Mobilian t\u00e4ll\u00e4 hetkell\u00e4 tarjoamat sis\u00e4ll\u00f6t. Suosittelemme etenem\u00e4\u00e4n numeroj\u00e4rjestyksess\u00e4.<\/p><p>Tilisi on nyt luotu ja voit sukeltaa Mobilian tarjoamiin mielenkiintoisiin tietopaketteihin!<\/p><p>Siirry <a href=\"https:\/\/mobilia.claned.com\/#\/register?token=5cfa10ff-c198-4f48-aa40-6ee6254d5003\" target=\"_blank\" rel=\"noopener\">T\u00c4ST\u00c4<\/a> Mobilian oppimisymp\u00e4rist\u00f6\u00f6n.<br \/>Tarvitsetko apua? L\u00e4het\u00e4 kysymyksesi s\u00e4hk\u00f6postitse osoitteeseen osaaminen@mobilia.fi niin vastaamme ensi tilassa!<\/p>\t\t\t\t\t\t\t\t<\/div>\n\t\t\t\t<\/div>\n\t\t\t\t\t<\/div>\n\t\t<\/div>\n\t\t\t\t<div class=\"elementor-column elementor-col-50 elementor-top-column elementor-element elementor-element-23252d5\" data-id=\"23252d5\" data-element_type=\"column\" data-e-type=\"column\">\n\t\t\t<div class=\"elementor-widget-wrap elementor-element-populated\">\n\t\t\t\t\t\t<div class=\"elementor-element elementor-element-eea42a0 elementor-widget elementor-widget-image\" data-id=\"eea42a0\" data-element_type=\"widget\" data-e-type=\"widget\" data-widget_type=\"image.default\">\n\t\t\t\t<div class=\"elementor-widget-container\">\n\t\t\t\t\t\t\t\t\t\t\t\t\t\t\t<img loading=\"lazy\" decoding=\"async\" width=\"800\" height=\"425\" src=\"https:\/\/mobilia.fi\/wp-content\/uploads\/2022\/12\/Oppimisalueet.png\" class=\"attachment-large size-large wp-image-8585\" alt=\"Nettisivusto jossa eri aihealueiden kuvakkeet.\" srcset=\"https:\/\/mobilia.fi\/wp-content\/uploads\/2022\/12\/Oppimisalueet.png 853w, https:\/\/mobilia.fi\/wp-content\/uploads\/2022\/12\/Oppimisalueet-300x159.png 300w, https:\/\/mobilia.fi\/wp-content\/uploads\/2022\/12\/Oppimisalueet-768x408.png 768w\" sizes=\"(max-width: 800px) 100vw, 800px\" \/>\t\t\t\t\t\t\t\t\t\t\t\t\t\t\t<\/div>\n\t\t\t\t<\/div>\n\t\t\t\t\t<\/div>\n\t\t<\/div>\n\t\t\t\t\t<\/div>\n\t\t<\/section>\n\t\t\t\t<\/div>\n\t\t","protected":false},"excerpt":{"rendered":"<p>Verkkopaja Mobilian digitaalinen oppimisymp\u00e4rist\u00f6 Verkkopaja on Mobilian digitaalinen oppimisymp\u00e4rist\u00f6, joka sis\u00e4lt\u00e4\u00e4 erilaisia s\u00e4hk\u00f6isi\u00e4 palveluita. Verkkopaja on toteutettu Claned \u00ae -alustalle, ja sen tarkoituksena on helpottaa meid\u00e4n kaikkien s\u00e4hk\u00f6ist\u00e4 asiointia. Verkkopajassa Mobilian ja sen sidosryhmien asiantuntijat ovat k\u00e4ytett\u00e4viss\u00e4si ymp\u00e4ri vuoden. Vastaamme kysymyksiin ja autamme ongelmissa. HUOM! Ensimm\u00e4ist\u00e4 kertaa Verkkopajaan menness\u00e4si sinun on rekister\u00f6idytt\u00e4v\u00e4! T\u00e4ll\u00f6in tunnuksellesi annetaan [&hellip;]<\/p>\n","protected":false},"author":3,"featured_media":8561,"parent":18,"menu_order":4,"comment_status":"closed","ping_status":"closed","template":"","meta":{"_acf_changed":false,"inline_featured_image":false,"footnotes":""},"class_list":["post-8608","page","type-page","status-publish","has-post-thumbnail","hentry"],"acf":[],"_links":{"self":[{"href":"https:\/\/mobilia.fi\/fi\/wp-json\/wp\/v2\/pages\/8608","targetHints":{"allow":["GET"]}}],"collection":[{"href":"https:\/\/mobilia.fi\/fi\/wp-json\/wp\/v2\/pages"}],"about":[{"href":"https:\/\/mobilia.fi\/fi\/wp-json\/wp\/v2\/types\/page"}],"author":[{"embeddable":true,"href":"https:\/\/mobilia.fi\/fi\/wp-json\/wp\/v2\/users\/3"}],"replies":[{"embeddable":true,"href":"https:\/\/mobilia.fi\/fi\/wp-json\/wp\/v2\/comments?post=8608"}],"version-history":[{"count":77,"href":"https:\/\/mobilia.fi\/fi\/wp-json\/wp\/v2\/pages\/8608\/revisions"}],"predecessor-version":[{"id":9048,"href":"https:\/\/mobilia.fi\/fi\/wp-json\/wp\/v2\/pages\/8608\/revisions\/9048"}],"up":[{"embeddable":true,"href":"https:\/\/mobilia.fi\/fi\/wp-json\/wp\/v2\/pages\/18"}],"wp:featuredmedia":[{"embeddable":true,"href":"https:\/\/mobilia.fi\/fi\/wp-json\/wp\/v2\/media\/8561"}],"wp:attachment":[{"href":"https:\/\/mobilia.fi\/fi\/wp-json\/wp\/v2\/media?parent=8608"}],"curies":[{"name":"wp","href":"https:\/\/api.w.org\/{rel}","templated":true}]}}