{"id":951,"date":"2020-08-19T09:57:49","date_gmt":"2020-08-19T06:57:49","guid":{"rendered":"https:\/\/mobilia.fi\/?page_id=951"},"modified":"2024-11-03T10:38:44","modified_gmt":"2024-11-03T08:38:44","slug":"kokoelmien-jarjestaminen-ja-sailytys-2","status":"publish","type":"page","link":"https:\/\/mobilia.fi\/fi\/palvelut\/kokoelmien-jarjestaminen-ja-sailytys-2\/","title":{"rendered":"Kokoelmien j\u00e4rjest\u00e4minen ja s\u00e4ilytys"},"content":{"rendered":"\t\t<div data-elementor-type=\"wp-page\" data-elementor-id=\"951\" class=\"elementor elementor-951\" data-elementor-post-type=\"page\">\n\t\t\t\t\t\t<section class=\"elementor-section elementor-top-section elementor-element elementor-element-049270f elementor-section-height-min-height elementor-section-boxed elementor-section-height-default elementor-section-items-middle\" data-id=\"049270f\" data-element_type=\"section\" data-e-type=\"section\" data-settings=\"{&quot;background_background&quot;:&quot;classic&quot;}\">\n\t\t\t\t\t\t\t<div class=\"elementor-background-overlay\"><\/div>\n\t\t\t\t\t\t\t<div class=\"elementor-container elementor-column-gap-default\">\n\t\t\t\t\t<div class=\"elementor-column elementor-col-100 elementor-top-column elementor-element elementor-element-38f3bc0\" data-id=\"38f3bc0\" data-element_type=\"column\" data-e-type=\"column\">\n\t\t\t<div class=\"elementor-widget-wrap elementor-element-populated\">\n\t\t\t\t\t\t<div class=\"elementor-element elementor-element-57662ad elementor-widget elementor-widget-text-editor\" data-id=\"57662ad\" data-element_type=\"widget\" data-e-type=\"widget\" data-widget_type=\"text-editor.default\">\n\t\t\t\t<div class=\"elementor-widget-container\">\n\t\t\t\t\t\t\t\t\t<h1>Kokoelmien j\u00e4rjest\u00e4minen ja s\u00e4ilytys<\/h1><p>\u00a0<\/p>\t\t\t\t\t\t\t\t<\/div>\n\t\t\t\t<\/div>\n\t\t\t\t\t<\/div>\n\t\t<\/div>\n\t\t\t\t\t<\/div>\n\t\t<\/section>\n\t\t\t\t<section class=\"elementor-section elementor-top-section elementor-element elementor-element-067da31 elementor-section-boxed elementor-section-height-default elementor-section-height-default\" data-id=\"067da31\" data-element_type=\"section\" data-e-type=\"section\">\n\t\t\t\t\t\t<div class=\"elementor-container elementor-column-gap-default\">\n\t\t\t\t\t<div class=\"elementor-column elementor-col-100 elementor-top-column elementor-element elementor-element-2584048\" data-id=\"2584048\" data-element_type=\"column\" data-e-type=\"column\">\n\t\t\t<div class=\"elementor-widget-wrap elementor-element-populated\">\n\t\t\t\t\t\t<section class=\"elementor-section elementor-inner-section elementor-element elementor-element-2dd77ad elementor-section-boxed elementor-section-height-default elementor-section-height-default\" data-id=\"2dd77ad\" data-element_type=\"section\" data-e-type=\"section\">\n\t\t\t\t\t\t<div class=\"elementor-container elementor-column-gap-default\">\n\t\t\t\t\t<div class=\"elementor-column elementor-col-50 elementor-inner-column elementor-element elementor-element-5d29a72\" data-id=\"5d29a72\" data-element_type=\"column\" data-e-type=\"column\">\n\t\t\t<div class=\"elementor-widget-wrap elementor-element-populated\">\n\t\t\t\t\t\t<div class=\"elementor-element elementor-element-c49ee36 elementor-widget elementor-widget-text-editor\" data-id=\"c49ee36\" data-element_type=\"widget\" data-e-type=\"widget\" data-widget_type=\"text-editor.default\">\n\t\t\t\t<div class=\"elementor-widget-container\">\n\t\t\t\t\t\t\t\t\t<p>Mobilian yrityksille ja yhteis\u00f6ille tarjoamat historiakokoelmien j\u00e4rjest\u00e4mispalvelut sis\u00e4lt\u00e4v\u00e4t pitk\u00e4aikaiseen s\u00e4ilytykseen valittavan aineiston seulonnan, luetteloinnin sek\u00e4 aineiston puhdistamisen ja pakkaamisen sek\u00e4 digitoinnin.<\/p><div style=\"color: #58595b;\"><div><div><article><div><div><div><div><p>J\u00e4rjestyksess\u00e4 ja hallinnassa oleva aineisto palautetaan asiakkaan arkisto- ja varastotiloihin tai sovitaan aineiston hoitamisesta Mobilian kokoelmahotellipalveluna.<\/p><p>Mobilia on toteuttanut useita kokoelmien j\u00e4rjest\u00e4misprojekteja tieliikenteen alan organisaatioille. Tehtyihin projekteihin p\u00e4\u00e4set tutustumaan sivuiltamme\u00a0<a href=\"https:\/\/mobilia.fi\/palvelut\/kokoelmien-jarjestaminen-ja-sailytys-2\/valmistuneetkokoelmaprojektit\/\" target=\"_blank\" rel=\"noopener\"><i>valmistuneet kokoelmien j\u00e4rjest\u00e4misprojektit<\/i><\/a>\u00a0.<\/p><div><div><div><article><div><div><div><div><p>Mobilian kokoelmien s\u00e4ilytystilat on rakennettu auto- ja tiealan historia-materiaalien pitk\u00e4aikaiseen s\u00e4ilytt\u00e4miseen. N\u00e4in kokoelmat s\u00e4ilyv\u00e4t tieto- ja kuntoarvoltaan korkealaatuisina. Mobilian kokoelmahotellin 8000 m\u00b2 tilat on rakennettu 2000-luvulla. Kokoelmahotelli koostuu kirjastosta, arkistosta, kuva-arkistosta, pienesinevarastoista sek\u00e4 suuresinevarastoista. Kokoelmatilat on olosuhdeilmastoitu.<\/p><div><div><div><div><p>Mobilian s\u00e4ilytyspalvelut sis\u00e4lt\u00e4v\u00e4t tieliikenteen alan kokoelmien:<\/p><ul style=\"font-size: 20px;\"><li style=\"font-size: 20px;\">s\u00e4ilytt\u00e4misen Mobilian kokoelmahotellissa (tilan ominaisuudet: l\u00e4mp\u00f6tila 16-18 astetta, kosteus 30-50 rh %, murto- ja paloh\u00e4lytys)<\/li><li style=\"font-size: 20px;\">vastaanottodokumentoinnin<\/li><li style=\"font-size: 20px;\">vastaanottohuollon sek\u00e4 vuosittaiset huoltoty\u00f6t ja tarvikkeet siten, ett\u00e4 ajoneuvon kuntotaso s\u00e4ilyy v\u00e4hint\u00e4\u00e4n vastaanottohetken tasossa koko sopimuskauden<\/li><li style=\"font-size: 20px;\">kokoelmahallinnolliset teht\u00e4v\u00e4t, mm. dokumentoinnin t\u00e4ydent\u00e4minen ja n\u00e4yttelyk\u00e4ytt\u00f6\u00f6n liittyv\u00e4t teht\u00e4v\u00e4t: sopimusmenettely, siirtovalmistelut, n\u00e4yttelyk\u00e4ytt\u00f6\u00f6n liittyv\u00e4t konservointi- ja huoltoty\u00f6t<\/li><\/ul><p>Kokoelmien kunto- ja tietoarvoa voidaan tarvittaessa my\u00f6s nostaa sovitulle tasolle. S\u00e4ilytyspalvelussa kokoelmien omistusoikeus s\u00e4ilyy asiakkaalla. Hallintaoikeuden rajat m\u00e4\u00e4ritell\u00e4\u00e4n s\u00e4ilytyssopimuksessa. S\u00e4ilytyspalvelussa olevat kokoelmat hallinnoidaan Mobiliassa erillisin\u00e4 kokoelmahotellikokoelmina.<\/p><p>Mobilia hoitaa pitk\u00e4aikaisilla yhteisty\u00f6sopimuksilla seuraavien organisaatioiden auto- ja tiealaan liittyvi\u00e4 kokoelmia:<\/p><p>Autoliitto ry<br \/>Autotuojat ry<br \/>Autokatsastusmiesten yhdistys ry.<br \/>Helsingin kaupunginmuseo<br \/>Infra\/Rakennusliitto<br \/>Liikenneturva<br \/>Liikennevirasto<br \/>Linja-autoliitto ry<br \/>Moottoriurheilumuseo<br \/>Neste Oil<br \/>Poliisimuseo<br \/>Postimuseo \/ Suomen Posti Oyj<br \/>Radio- ja TV-museo<br \/>Rautatiemuseos\u00e4\u00e4ti\u00f6<br \/>Scan-Auto Oy\/Ab<br \/>SF-Caravan ry<br \/>Sis\u00e4asiainministeri\u00f6n poliisiosasto<br \/>Sotamuseo<br \/>Suomen Autokoululiitto<br \/>Suomen Kuljetus ja Logistiikka SKAL ry<br \/>Tampereen museot \/ Tampereen kaupunki<br \/>Teboil<br \/>Tiekonehistoriallinen Seura ry<br \/>VV-Auto Group Oy<\/p><\/div><\/div><\/div><\/div><\/div><\/div><\/div><\/div><\/article><\/div><\/div><\/div><\/div><\/div><\/div><\/div><\/article><\/div><\/div><\/div><h3><span style=\"color: #009cdf;\">Lis\u00e4tietoja<\/span><\/h3><p><span style=\"color: #58595b;\">Mika Hautala, puh. 040 549 0186<br \/>mika.hautala@mobilia.fi<br \/><\/span><\/p>\t\t\t\t\t\t\t\t<\/div>\n\t\t\t\t<\/div>\n\t\t\t\t\t<\/div>\n\t\t<\/div>\n\t\t\t\t<div class=\"elementor-column elementor-col-50 elementor-inner-column elementor-element elementor-element-83fe726\" data-id=\"83fe726\" data-element_type=\"column\" data-e-type=\"column\">\n\t\t\t<div class=\"elementor-widget-wrap elementor-element-populated\">\n\t\t\t\t\t\t<div class=\"elementor-element elementor-element-06aa5de elementor-widget elementor-widget-image\" data-id=\"06aa5de\" data-element_type=\"widget\" data-e-type=\"widget\" data-widget_type=\"image.default\">\n\t\t\t\t<div class=\"elementor-widget-container\">\n\t\t\t\t\t\t\t\t\t\t\t\t\t\t\t<img fetchpriority=\"high\" decoding=\"async\" width=\"2560\" height=\"1920\" src=\"https:\/\/mobilia.fi\/wp-content\/uploads\/2020\/08\/mobilian-sekalaisia-kokoelmia-scaled.jpg\" class=\"attachment-full size-full wp-image-997\" alt=\"mobilian sekalaisia kokoelmia\" srcset=\"https:\/\/mobilia.fi\/wp-content\/uploads\/2020\/08\/mobilian-sekalaisia-kokoelmia-scaled.jpg 2560w, https:\/\/mobilia.fi\/wp-content\/uploads\/2020\/08\/mobilian-sekalaisia-kokoelmia-300x225.jpg 300w, https:\/\/mobilia.fi\/wp-content\/uploads\/2020\/08\/mobilian-sekalaisia-kokoelmia-1024x768.jpg 1024w, https:\/\/mobilia.fi\/wp-content\/uploads\/2020\/08\/mobilian-sekalaisia-kokoelmia-768x576.jpg 768w, https:\/\/mobilia.fi\/wp-content\/uploads\/2020\/08\/mobilian-sekalaisia-kokoelmia-1536x1152.jpg 1536w, https:\/\/mobilia.fi\/wp-content\/uploads\/2020\/08\/mobilian-sekalaisia-kokoelmia-2048x1536.jpg 2048w\" sizes=\"(max-width: 2560px) 100vw, 2560px\" \/>\t\t\t\t\t\t\t\t\t\t\t\t\t\t\t<\/div>\n\t\t\t\t<\/div>\n\t\t\t\t\t<\/div>\n\t\t<\/div>\n\t\t\t\t\t<\/div>\n\t\t<\/section>\n\t\t\t\t\t<\/div>\n\t\t<\/div>\n\t\t\t\t\t<\/div>\n\t\t<\/section>\n\t\t\t\t<\/div>\n\t\t","protected":false},"excerpt":{"rendered":"<p>Kokoelmien j\u00e4rjest\u00e4minen ja s\u00e4ilytys \u00a0 Mobilian yrityksille ja yhteis\u00f6ille tarjoamat historiakokoelmien j\u00e4rjest\u00e4mispalvelut sis\u00e4lt\u00e4v\u00e4t pitk\u00e4aikaiseen s\u00e4ilytykseen valittavan aineiston seulonnan, luetteloinnin sek\u00e4 aineiston puhdistamisen ja pakkaamisen sek\u00e4 digitoinnin. J\u00e4rjestyksess\u00e4 ja hallinnassa oleva aineisto palautetaan asiakkaan arkisto- ja varastotiloihin tai sovitaan aineiston hoitamisesta Mobilian kokoelmahotellipalveluna. Mobilia on toteuttanut useita kokoelmien j\u00e4rjest\u00e4misprojekteja tieliikenteen alan organisaatioille. Tehtyihin projekteihin p\u00e4\u00e4set tutustumaan [&hellip;]<\/p>\n","protected":false},"author":3,"featured_media":998,"parent":669,"menu_order":5,"comment_status":"closed","ping_status":"closed","template":"","meta":{"_acf_changed":false,"inline_featured_image":false,"footnotes":""},"class_list":["post-951","page","type-page","status-publish","has-post-thumbnail","hentry"],"acf":[],"_links":{"self":[{"href":"https:\/\/mobilia.fi\/fi\/wp-json\/wp\/v2\/pages\/951","targetHints":{"allow":["GET"]}}],"collection":[{"href":"https:\/\/mobilia.fi\/fi\/wp-json\/wp\/v2\/pages"}],"about":[{"href":"https:\/\/mobilia.fi\/fi\/wp-json\/wp\/v2\/types\/page"}],"author":[{"embeddable":true,"href":"https:\/\/mobilia.fi\/fi\/wp-json\/wp\/v2\/users\/3"}],"replies":[{"embeddable":true,"href":"https:\/\/mobilia.fi\/fi\/wp-json\/wp\/v2\/comments?post=951"}],"version-history":[{"count":36,"href":"https:\/\/mobilia.fi\/fi\/wp-json\/wp\/v2\/pages\/951\/revisions"}],"predecessor-version":[{"id":14510,"href":"https:\/\/mobilia.fi\/fi\/wp-json\/wp\/v2\/pages\/951\/revisions\/14510"}],"up":[{"embeddable":true,"href":"https:\/\/mobilia.fi\/fi\/wp-json\/wp\/v2\/pages\/669"}],"wp:featuredmedia":[{"embeddable":true,"href":"https:\/\/mobilia.fi\/fi\/wp-json\/wp\/v2\/media\/998"}],"wp:attachment":[{"href":"https:\/\/mobilia.fi\/fi\/wp-json\/wp\/v2\/media?parent=951"}],"curies":[{"name":"wp","href":"https:\/\/api.w.org\/{rel}","templated":true}]}}