{"id":967,"date":"2020-08-20T08:26:49","date_gmt":"2020-08-20T05:26:49","guid":{"rendered":"https:\/\/mobilia.fi\/?page_id=967"},"modified":"2024-11-03T10:28:15","modified_gmt":"2024-11-03T08:28:15","slug":"kokoelmien-jarjestaminen-ja-sailytys","status":"publish","type":"page","link":"https:\/\/mobilia.fi\/fi\/palvelut\/kokoelmien-jarjestaminen-ja-sailytys\/","title":{"rendered":"Konsultointi ja tutkimuspalvelut"},"content":{"rendered":"\t\t<div data-elementor-type=\"wp-page\" data-elementor-id=\"967\" class=\"elementor elementor-967\" data-elementor-post-type=\"page\">\n\t\t\t\t\t\t<section class=\"elementor-section elementor-top-section elementor-element elementor-element-049270f elementor-section-height-min-height elementor-section-boxed elementor-section-height-default elementor-section-items-middle\" data-id=\"049270f\" data-element_type=\"section\" data-e-type=\"section\" data-settings=\"{&quot;background_background&quot;:&quot;classic&quot;}\">\n\t\t\t\t\t\t\t<div class=\"elementor-background-overlay\"><\/div>\n\t\t\t\t\t\t\t<div class=\"elementor-container elementor-column-gap-default\">\n\t\t\t\t\t<div class=\"elementor-column elementor-col-100 elementor-top-column elementor-element elementor-element-38f3bc0\" data-id=\"38f3bc0\" data-element_type=\"column\" data-e-type=\"column\">\n\t\t\t<div class=\"elementor-widget-wrap elementor-element-populated\">\n\t\t\t\t\t\t<div class=\"elementor-element elementor-element-57662ad elementor-widget elementor-widget-text-editor\" data-id=\"57662ad\" data-element_type=\"widget\" data-e-type=\"widget\" data-widget_type=\"text-editor.default\">\n\t\t\t\t<div class=\"elementor-widget-container\">\n\t\t\t\t\t\t\t\t\t<h1>Konsultointi ja tutkimuspalvelut<\/h1><p>\u00a0<\/p>\t\t\t\t\t\t\t\t<\/div>\n\t\t\t\t<\/div>\n\t\t\t\t\t<\/div>\n\t\t<\/div>\n\t\t\t\t\t<\/div>\n\t\t<\/section>\n\t\t\t\t<section class=\"elementor-section elementor-top-section elementor-element elementor-element-067da31 elementor-section-boxed elementor-section-height-default elementor-section-height-default\" data-id=\"067da31\" data-element_type=\"section\" data-e-type=\"section\">\n\t\t\t\t\t\t<div class=\"elementor-container elementor-column-gap-default\">\n\t\t\t\t\t<div class=\"elementor-column elementor-col-100 elementor-top-column elementor-element elementor-element-2584048\" data-id=\"2584048\" data-element_type=\"column\" data-e-type=\"column\">\n\t\t\t<div class=\"elementor-widget-wrap elementor-element-populated\">\n\t\t\t\t\t\t<section class=\"elementor-section elementor-inner-section elementor-element elementor-element-2dd77ad elementor-section-boxed elementor-section-height-default elementor-section-height-default\" data-id=\"2dd77ad\" data-element_type=\"section\" data-e-type=\"section\">\n\t\t\t\t\t\t<div class=\"elementor-container elementor-column-gap-default\">\n\t\t\t\t\t<div class=\"elementor-column elementor-col-50 elementor-inner-column elementor-element elementor-element-5d29a72\" data-id=\"5d29a72\" data-element_type=\"column\" data-e-type=\"column\">\n\t\t\t<div class=\"elementor-widget-wrap elementor-element-populated\">\n\t\t\t\t\t\t<div class=\"elementor-element elementor-element-c49ee36 elementor-widget elementor-widget-text-editor\" data-id=\"c49ee36\" data-element_type=\"widget\" data-e-type=\"widget\" data-widget_type=\"text-editor.default\">\n\t\t\t\t<div class=\"elementor-widget-container\">\n\t\t\t\t\t\t\t\t\t<p>Auto- ja tieaiheiset historiatutkimukset, juhlakirjat sek\u00e4 taustatutkimukset ovat Mobilian ydinosaamista.\u00a0<\/p><p><span style=\"color: #58595b;\">Mobilia tuottaa tutkimuksia auto- ja tiealan ilmi\u00f6ist\u00e4 tai yksitt\u00e4isist\u00e4 kohteista. Tutkimuksen tuloksena syntyv\u00e4 materiaali voidaan tallentaa Mobiliaan tai muuhun asiakkaan kanssa sovittavaan tilaan. Tutkimusmateriaali voidaan tuottaa my\u00f6s kirjana, artikkelina, TV-ohjelmana tai muussa muodossa julkaistavaksi tuotteeksi.\u00a0<\/span><\/p><div><div><div><article><div><div><div><div><p><span style=\"color: #58595b;\">Mobilia tekee my\u00f6s ELY-keskuksen perinnetoimintaan liittyv\u00e4t museoteiden ja -siltojen historiaselvitykset ja yll\u00e4pitosuunnitelmat.<\/span><\/p><p><span style=\"color: #58595b;\">Mobilian tekem\u00e4t museoteiden ja -siltojen historiaselvitykset ja hoito- ja yll\u00e4pitosuunnitelmat sek\u00e4 muut museoteihin ja -siltoihin liittyv\u00e4t tutkimukset l\u00f6ytyv\u00e4t\u00a0<\/span><a href=\"https:\/\/mobilia.fi\/museo\/julkaisut\/\" target=\"_blank\" rel=\"noopener\">Julkaisut<\/a><span style=\"color: #58595b;\">-sivultamme.<\/span><span style=\"color: #58595b;\">\u00a0<\/span><\/p><p><span style=\"color: #58595b;\">Kun tarvitsette tietoa historiastanne, Mobilian tutkijat ovat k\u00e4ytett\u00e4viss\u00e4nne!<\/span><\/p><h3><span style=\"color: #009cdf;\">Lis\u00e4tietoja<\/span><\/h3><p><span style=\"color: #58595b;\">Mika Hautala, puh. 040 549 0186<br \/>mika.hautala@mobilia.fi <\/span><span style=\"color: #58595b;\"><br \/><\/span><\/p><p><span style=\"color: #58595b;\">\u00a0<\/span><\/p><\/div><\/div><\/div><\/div><\/article><\/div><\/div><\/div>\t\t\t\t\t\t\t\t<\/div>\n\t\t\t\t<\/div>\n\t\t\t\t\t<\/div>\n\t\t<\/div>\n\t\t\t\t<div class=\"elementor-column elementor-col-50 elementor-inner-column elementor-element elementor-element-83fe726\" data-id=\"83fe726\" data-element_type=\"column\" data-e-type=\"column\">\n\t\t\t<div class=\"elementor-widget-wrap elementor-element-populated\">\n\t\t\t\t\t\t<div class=\"elementor-element elementor-element-06aa5de elementor-widget elementor-widget-image\" data-id=\"06aa5de\" data-element_type=\"widget\" data-e-type=\"widget\" data-widget_type=\"image.default\">\n\t\t\t\t<div class=\"elementor-widget-container\">\n\t\t\t\t\t\t\t\t\t\t\t\t<figure class=\"wp-caption\">\n\t\t\t\t\t\t\t\t\t\t<img fetchpriority=\"high\" decoding=\"async\" width=\"2008\" height=\"1332\" src=\"https:\/\/mobilia.fi\/wp-content\/uploads\/2020\/08\/narpes-nybro.jpg\" class=\"attachment-full size-full wp-image-975\" alt=\"n\u00e4rpes nybro\" srcset=\"https:\/\/mobilia.fi\/wp-content\/uploads\/2020\/08\/narpes-nybro.jpg 2008w, https:\/\/mobilia.fi\/wp-content\/uploads\/2020\/08\/narpes-nybro-300x199.jpg 300w, https:\/\/mobilia.fi\/wp-content\/uploads\/2020\/08\/narpes-nybro-1024x679.jpg 1024w, https:\/\/mobilia.fi\/wp-content\/uploads\/2020\/08\/narpes-nybro-768x509.jpg 768w, https:\/\/mobilia.fi\/wp-content\/uploads\/2020\/08\/narpes-nybro-1536x1019.jpg 1536w\" sizes=\"(max-width: 2008px) 100vw, 2008px\" \/>\t\t\t\t\t\t\t\t\t\t\t<figcaption class=\"widget-image-caption wp-caption-text\">Mobilia teki konsultointity\u00f6n\u00e4 historiaselvityksen N\u00e4rpi\u00f6n sillasta vuonna 2009. Kuva: V\u00e4yl\u00e4n kuvakokoelma \/ Mobilia<\/figcaption>\n\t\t\t\t\t\t\t\t\t\t<\/figure>\n\t\t\t\t\t\t\t\t\t<\/div>\n\t\t\t\t<\/div>\n\t\t\t\t\t<\/div>\n\t\t<\/div>\n\t\t\t\t\t<\/div>\n\t\t<\/section>\n\t\t\t\t\t<\/div>\n\t\t<\/div>\n\t\t\t\t\t<\/div>\n\t\t<\/section>\n\t\t\t\t<\/div>\n\t\t","protected":false},"excerpt":{"rendered":"<p>Konsultointi ja tutkimuspalvelut \u00a0 Auto- ja tieaiheiset historiatutkimukset, juhlakirjat sek\u00e4 taustatutkimukset ovat Mobilian ydinosaamista.\u00a0 Mobilia tuottaa tutkimuksia auto- ja tiealan ilmi\u00f6ist\u00e4 tai yksitt\u00e4isist\u00e4 kohteista. Tutkimuksen tuloksena syntyv\u00e4 materiaali voidaan tallentaa Mobiliaan tai muuhun asiakkaan kanssa sovittavaan tilaan. Tutkimusmateriaali voidaan tuottaa my\u00f6s kirjana, artikkelina, TV-ohjelmana tai muussa muodossa julkaistavaksi tuotteeksi.\u00a0 Mobilia tekee my\u00f6s ELY-keskuksen perinnetoimintaan liittyv\u00e4t [&hellip;]<\/p>\n","protected":false},"author":3,"featured_media":976,"parent":669,"menu_order":4,"comment_status":"closed","ping_status":"closed","template":"","meta":{"_acf_changed":false,"inline_featured_image":false,"footnotes":""},"class_list":["post-967","page","type-page","status-publish","has-post-thumbnail","hentry"],"acf":[],"_links":{"self":[{"href":"https:\/\/mobilia.fi\/fi\/wp-json\/wp\/v2\/pages\/967","targetHints":{"allow":["GET"]}}],"collection":[{"href":"https:\/\/mobilia.fi\/fi\/wp-json\/wp\/v2\/pages"}],"about":[{"href":"https:\/\/mobilia.fi\/fi\/wp-json\/wp\/v2\/types\/page"}],"author":[{"embeddable":true,"href":"https:\/\/mobilia.fi\/fi\/wp-json\/wp\/v2\/users\/3"}],"replies":[{"embeddable":true,"href":"https:\/\/mobilia.fi\/fi\/wp-json\/wp\/v2\/comments?post=967"}],"version-history":[{"count":40,"href":"https:\/\/mobilia.fi\/fi\/wp-json\/wp\/v2\/pages\/967\/revisions"}],"predecessor-version":[{"id":14495,"href":"https:\/\/mobilia.fi\/fi\/wp-json\/wp\/v2\/pages\/967\/revisions\/14495"}],"up":[{"embeddable":true,"href":"https:\/\/mobilia.fi\/fi\/wp-json\/wp\/v2\/pages\/669"}],"wp:featuredmedia":[{"embeddable":true,"href":"https:\/\/mobilia.fi\/fi\/wp-json\/wp\/v2\/media\/976"}],"wp:attachment":[{"href":"https:\/\/mobilia.fi\/fi\/wp-json\/wp\/v2\/media?parent=967"}],"curies":[{"name":"wp","href":"https:\/\/api.w.org\/{rel}","templated":true}]}}