{"id":982,"date":"2020-08-20T08:56:27","date_gmt":"2020-08-20T05:56:27","guid":{"rendered":"https:\/\/mobilia.fi\/?page_id=982"},"modified":"2024-11-03T10:29:42","modified_gmt":"2024-11-03T08:29:42","slug":"nayttely-ja-tapahtumatuotanto","status":"publish","type":"page","link":"https:\/\/mobilia.fi\/fi\/palvelut\/nayttely-ja-tapahtumatuotanto\/","title":{"rendered":"N\u00e4yttely- ja tapahtumatuotanto"},"content":{"rendered":"\t\t<div data-elementor-type=\"wp-page\" data-elementor-id=\"982\" class=\"elementor elementor-982\" data-elementor-post-type=\"page\">\n\t\t\t\t\t\t<section class=\"elementor-section elementor-top-section elementor-element elementor-element-049270f elementor-section-height-min-height elementor-section-boxed elementor-section-height-default elementor-section-items-middle\" data-id=\"049270f\" data-element_type=\"section\" data-e-type=\"section\" data-settings=\"{&quot;background_background&quot;:&quot;classic&quot;}\">\n\t\t\t\t\t\t\t<div class=\"elementor-background-overlay\"><\/div>\n\t\t\t\t\t\t\t<div class=\"elementor-container elementor-column-gap-default\">\n\t\t\t\t\t<div class=\"elementor-column elementor-col-100 elementor-top-column elementor-element elementor-element-38f3bc0\" data-id=\"38f3bc0\" data-element_type=\"column\" data-e-type=\"column\">\n\t\t\t<div class=\"elementor-widget-wrap elementor-element-populated\">\n\t\t\t\t\t\t<div class=\"elementor-element elementor-element-57662ad elementor-widget elementor-widget-text-editor\" data-id=\"57662ad\" data-element_type=\"widget\" data-e-type=\"widget\" data-widget_type=\"text-editor.default\">\n\t\t\t\t<div class=\"elementor-widget-container\">\n\t\t\t\t\t\t\t\t\t<h1>N\u00e4yttely- ja tapahtumatuotanto<\/h1><p>\u00a0<\/p>\t\t\t\t\t\t\t\t<\/div>\n\t\t\t\t<\/div>\n\t\t\t\t\t<\/div>\n\t\t<\/div>\n\t\t\t\t\t<\/div>\n\t\t<\/section>\n\t\t\t\t<section class=\"elementor-section elementor-top-section elementor-element elementor-element-067da31 elementor-section-boxed elementor-section-height-default elementor-section-height-default\" data-id=\"067da31\" data-element_type=\"section\" data-e-type=\"section\">\n\t\t\t\t\t\t<div class=\"elementor-container elementor-column-gap-default\">\n\t\t\t\t\t<div class=\"elementor-column elementor-col-100 elementor-top-column elementor-element elementor-element-2584048\" data-id=\"2584048\" data-element_type=\"column\" data-e-type=\"column\">\n\t\t\t<div class=\"elementor-widget-wrap elementor-element-populated\">\n\t\t\t\t\t\t<section class=\"elementor-section elementor-inner-section elementor-element elementor-element-2dd77ad elementor-section-boxed elementor-section-height-default elementor-section-height-default\" data-id=\"2dd77ad\" data-element_type=\"section\" data-e-type=\"section\">\n\t\t\t\t\t\t<div class=\"elementor-container elementor-column-gap-default\">\n\t\t\t\t\t<div class=\"elementor-column elementor-col-50 elementor-inner-column elementor-element elementor-element-5d29a72\" data-id=\"5d29a72\" data-element_type=\"column\" data-e-type=\"column\">\n\t\t\t<div class=\"elementor-widget-wrap elementor-element-populated\">\n\t\t\t\t\t\t<div class=\"elementor-element elementor-element-c49ee36 elementor-widget elementor-widget-text-editor\" data-id=\"c49ee36\" data-element_type=\"widget\" data-e-type=\"widget\" data-widget_type=\"text-editor.default\">\n\t\t\t\t<div class=\"elementor-widget-container\">\n\t\t\t\t\t\t\t\t\t<p>Mobiliassa on kaikki mit\u00e4 tarvitset juhlavuotesi historiaviestint\u00e4\u00e4n! Tuotamme avaimet k\u00e4teen -periaatteella auto- ja tiealan historiaan liittyv\u00e4t juhlajulkaisut, n\u00e4yttelyt ja tapahtumat niin Mobilian tiloihin kuin muuallekin.<\/p><p><span style=\"color: #58595b;\">Mobilia tuottaa n\u00e4yttelyn asiakkaan toivomasta aiheesta tieto- ja esinemateriaalin osalta. N\u00e4yttelyt tuotetaan joko asiakkaan tiloihin ja tapahtumiiin tai osaksi Mobilian vuosittain vaihtuvia n\u00e4yttelykokonaisuuksia.<\/span><\/p><div><div><div><article><div><div><div><div><p><span style=\"color: #58595b;\">Vuosien mittaan Mobilia on tuottanut n\u00e4yttelyj\u00e4 mm. Finlandia-taloon, Helsingin Messukeskukseen, Pasilan veturitalleille, Linnatuuleen, Keimolan Neste-huoltamoille, Saarisel\u00e4n matkailuinfoon, Raahen katsastusasemalle.<\/span><\/p><h3><span style=\"color: #009cdf;\">Lis\u00e4tietoja<\/span><\/h3><p><span style=\"color: #58595b;\">Mika Hautala, puh. 040 549 0186<br \/>mika.hautala@mobilia.fi<\/span><span style=\"color: #58595b;\"><br \/><\/span><\/p><\/div><\/div><\/div><\/div><\/article><\/div><\/div><\/div>\t\t\t\t\t\t\t\t<\/div>\n\t\t\t\t<\/div>\n\t\t\t\t\t<\/div>\n\t\t<\/div>\n\t\t\t\t<div class=\"elementor-column elementor-col-50 elementor-inner-column elementor-element elementor-element-83fe726\" data-id=\"83fe726\" data-element_type=\"column\" data-e-type=\"column\">\n\t\t\t<div class=\"elementor-widget-wrap elementor-element-populated\">\n\t\t\t\t\t\t<div class=\"elementor-element elementor-element-06aa5de elementor-widget elementor-widget-image\" data-id=\"06aa5de\" data-element_type=\"widget\" data-e-type=\"widget\" data-widget_type=\"image.default\">\n\t\t\t\t<div class=\"elementor-widget-container\">\n\t\t\t\t\t\t\t\t\t\t\t\t<figure class=\"wp-caption\">\n\t\t\t\t\t\t\t\t\t\t<img fetchpriority=\"high\" decoding=\"async\" width=\"640\" height=\"351\" src=\"https:\/\/mobilia.fi\/wp-content\/uploads\/2020\/03\/004.jpg\" class=\"attachment-full size-full wp-image-472\" alt=\"Nokkabusseja Mobilian n\u00e4yttelyss\u00e4: etualalla vaaleankeltaisen Volvon keula ja taka-alalla n\u00e4kyy vaaleanruskea ja vihre\u00e4 pienikokoinen vanha linja-auto.\" srcset=\"https:\/\/mobilia.fi\/wp-content\/uploads\/2020\/03\/004.jpg 640w, https:\/\/mobilia.fi\/wp-content\/uploads\/2020\/03\/004-300x165.jpg 300w\" sizes=\"(max-width: 640px) 100vw, 640px\" \/>\t\t\t\t\t\t\t\t\t\t\t<figcaption class=\"widget-image-caption wp-caption-text\">Sota-aikaa edelt\u00e4v\u00e4t linja-autot olivat kaikki pitk\u00e4keulaisia nokkabusseja.<\/figcaption>\n\t\t\t\t\t\t\t\t\t\t<\/figure>\n\t\t\t\t\t\t\t\t\t<\/div>\n\t\t\t\t<\/div>\n\t\t\t\t\t<\/div>\n\t\t<\/div>\n\t\t\t\t\t<\/div>\n\t\t<\/section>\n\t\t\t\t\t<\/div>\n\t\t<\/div>\n\t\t\t\t\t<\/div>\n\t\t<\/section>\n\t\t\t\t<\/div>\n\t\t","protected":false},"excerpt":{"rendered":"<p>N\u00e4yttely- ja tapahtumatuotanto \u00a0 Mobiliassa on kaikki mit\u00e4 tarvitset juhlavuotesi historiaviestint\u00e4\u00e4n! Tuotamme avaimet k\u00e4teen -periaatteella auto- ja tiealan historiaan liittyv\u00e4t juhlajulkaisut, n\u00e4yttelyt ja tapahtumat niin Mobilian tiloihin kuin muuallekin. Mobilia tuottaa n\u00e4yttelyn asiakkaan toivomasta aiheesta tieto- ja esinemateriaalin osalta. N\u00e4yttelyt tuotetaan joko asiakkaan tiloihin ja tapahtumiiin tai osaksi Mobilian vuosittain vaihtuvia n\u00e4yttelykokonaisuuksia. Vuosien mittaan Mobilia [&hellip;]<\/p>\n","protected":false},"author":3,"featured_media":472,"parent":669,"menu_order":3,"comment_status":"closed","ping_status":"closed","template":"","meta":{"_acf_changed":false,"inline_featured_image":false,"footnotes":""},"class_list":["post-982","page","type-page","status-publish","has-post-thumbnail","hentry"],"acf":[],"_links":{"self":[{"href":"https:\/\/mobilia.fi\/fi\/wp-json\/wp\/v2\/pages\/982","targetHints":{"allow":["GET"]}}],"collection":[{"href":"https:\/\/mobilia.fi\/fi\/wp-json\/wp\/v2\/pages"}],"about":[{"href":"https:\/\/mobilia.fi\/fi\/wp-json\/wp\/v2\/types\/page"}],"author":[{"embeddable":true,"href":"https:\/\/mobilia.fi\/fi\/wp-json\/wp\/v2\/users\/3"}],"replies":[{"embeddable":true,"href":"https:\/\/mobilia.fi\/fi\/wp-json\/wp\/v2\/comments?post=982"}],"version-history":[{"count":21,"href":"https:\/\/mobilia.fi\/fi\/wp-json\/wp\/v2\/pages\/982\/revisions"}],"predecessor-version":[{"id":14498,"href":"https:\/\/mobilia.fi\/fi\/wp-json\/wp\/v2\/pages\/982\/revisions\/14498"}],"up":[{"embeddable":true,"href":"https:\/\/mobilia.fi\/fi\/wp-json\/wp\/v2\/pages\/669"}],"wp:featuredmedia":[{"embeddable":true,"href":"https:\/\/mobilia.fi\/fi\/wp-json\/wp\/v2\/media\/472"}],"wp:attachment":[{"href":"https:\/\/mobilia.fi\/fi\/wp-json\/wp\/v2\/media?parent=982"}],"curies":[{"name":"wp","href":"https:\/\/api.w.org\/{rel}","templated":true}]}}