{"id":988,"date":"2020-08-20T09:08:22","date_gmt":"2020-08-20T06:08:22","guid":{"rendered":"https:\/\/mobilia.fi\/?page_id=988"},"modified":"2026-04-04T12:27:56","modified_gmt":"2026-04-04T09:27:56","slug":"2ajoneuvojen-huolto-entisointi-ja-sailytyspalvelut","status":"publish","type":"page","link":"https:\/\/mobilia.fi\/fi\/palvelut\/2ajoneuvojen-huolto-entisointi-ja-sailytyspalvelut\/","title":{"rendered":"Ajoneuvojen huolto ja entis\u00f6inti"},"content":{"rendered":"\t\t<div data-elementor-type=\"wp-page\" data-elementor-id=\"988\" class=\"elementor elementor-988\" data-elementor-post-type=\"page\">\n\t\t\t\t\t\t<section class=\"elementor-section elementor-top-section elementor-element elementor-element-049270f elementor-section-height-min-height elementor-section-boxed elementor-section-height-default elementor-section-items-middle\" data-id=\"049270f\" data-element_type=\"section\" data-e-type=\"section\" data-settings=\"{&quot;background_background&quot;:&quot;classic&quot;}\">\n\t\t\t\t\t\t\t<div class=\"elementor-background-overlay\"><\/div>\n\t\t\t\t\t\t\t<div class=\"elementor-container elementor-column-gap-default\">\n\t\t\t\t\t<div class=\"elementor-column elementor-col-100 elementor-top-column elementor-element elementor-element-38f3bc0\" data-id=\"38f3bc0\" data-element_type=\"column\" data-e-type=\"column\">\n\t\t\t<div class=\"elementor-widget-wrap elementor-element-populated\">\n\t\t\t\t\t\t<div class=\"elementor-element elementor-element-57662ad elementor-widget elementor-widget-text-editor\" data-id=\"57662ad\" data-element_type=\"widget\" data-e-type=\"widget\" data-widget_type=\"text-editor.default\">\n\t\t\t\t<div class=\"elementor-widget-container\">\n\t\t\t\t\t\t\t\t\t<h1>Ajoneuvojen huolto ja entis\u00f6inti\u00a0<\/h1><p>Museoajoneuvojen merkkihuolto<\/p>\t\t\t\t\t\t\t\t<\/div>\n\t\t\t\t<\/div>\n\t\t\t\t\t<\/div>\n\t\t<\/div>\n\t\t\t\t\t<\/div>\n\t\t<\/section>\n\t\t\t\t<section class=\"elementor-section elementor-top-section elementor-element elementor-element-067da31 elementor-section-boxed elementor-section-height-default elementor-section-height-default\" data-id=\"067da31\" data-element_type=\"section\" data-e-type=\"section\">\n\t\t\t\t\t\t<div class=\"elementor-container elementor-column-gap-default\">\n\t\t\t\t\t<div class=\"elementor-column elementor-col-100 elementor-top-column elementor-element elementor-element-2584048\" data-id=\"2584048\" data-element_type=\"column\" data-e-type=\"column\">\n\t\t\t<div class=\"elementor-widget-wrap elementor-element-populated\">\n\t\t\t\t\t\t<section class=\"elementor-section elementor-inner-section elementor-element elementor-element-2dd77ad elementor-section-boxed elementor-section-height-default elementor-section-height-default\" data-id=\"2dd77ad\" data-element_type=\"section\" data-e-type=\"section\">\n\t\t\t\t\t\t<div class=\"elementor-container elementor-column-gap-default\">\n\t\t\t\t\t<div class=\"elementor-column elementor-col-50 elementor-inner-column elementor-element elementor-element-5d29a72\" data-id=\"5d29a72\" data-element_type=\"column\" data-e-type=\"column\">\n\t\t\t<div class=\"elementor-widget-wrap elementor-element-populated\">\n\t\t\t\t\t\t<div class=\"elementor-element elementor-element-c49ee36 elementor-widget elementor-widget-text-editor\" data-id=\"c49ee36\" data-element_type=\"widget\" data-e-type=\"widget\" data-widget_type=\"text-editor.default\">\n\t\t\t\t<div class=\"elementor-widget-container\">\n\t\t\t\t\t\t\t\t\t<p><span style=\"color: #58595b;\">Mobilia tarjoaa ajoneuvojen sek\u00e4 muun esineist\u00f6n huoltopalveluja sek\u00e4 yksitt\u00e4isille harrastajille ett\u00e4 kokoelmien omistajille.<\/span><\/p><div><article><p><span style=\"color: #58595b;\">Mobilian museoajoneuvojen merkkikorjaamopalvelut sis\u00e4lt\u00e4v\u00e4t entis\u00f6inti-, huolto- ja katsastuspalvelut. Meill\u00e4 hoituvat katsastushuollot, puhdistukset, kiillotukset ja muut harrasteautosi pienet remontit ja korjaukset. <\/span><\/p><h3>Tiedustelut huolto- ja korjauspalveluista<\/h3><p><span style=\"color: #58595b;\">Tommi Aromaa puh. 0409006670<br \/><\/span><span style=\"color: #58595b;\">tommi.aromaa@mobilia.fi<\/span><\/p><p><span style=\"color: #58595b;\">Tarjoamme ajoneuvojen s\u00e4ilytyspalveluja my\u00f6s yksityisille tahoille. S\u00e4ilytystilaa voi tiedustella kokoelmahotellistamme tai Fenno Galleriasta. <\/span><\/p><h3><span style=\"color: #58595b;\"><span style=\"color: #009cdf;\">Tiedustelut ja varaukset<\/span> <\/span><\/h3><p><span style=\"color: #58595b;\">Timo Nousiainen puh. 0444913475<br \/><\/span><span style=\"color: #58595b;\">timo.nousiainen@mobilia.fi<\/span><\/p><\/article><\/div>\t\t\t\t\t\t\t\t<\/div>\n\t\t\t\t<\/div>\n\t\t\t\t\t<\/div>\n\t\t<\/div>\n\t\t\t\t<div class=\"elementor-column elementor-col-50 elementor-inner-column elementor-element elementor-element-83fe726\" data-id=\"83fe726\" data-element_type=\"column\" data-e-type=\"column\">\n\t\t\t<div class=\"elementor-widget-wrap elementor-element-populated\">\n\t\t\t\t\t\t<div class=\"elementor-element elementor-element-06aa5de elementor-widget elementor-widget-image\" data-id=\"06aa5de\" data-element_type=\"widget\" data-e-type=\"widget\" data-widget_type=\"image.default\">\n\t\t\t\t<div class=\"elementor-widget-container\">\n\t\t\t\t\t\t\t\t\t\t\t\t<figure class=\"wp-caption\">\n\t\t\t\t\t\t\t\t\t\t<img fetchpriority=\"high\" decoding=\"async\" width=\"2560\" height=\"1668\" src=\"https:\/\/mobilia.fi\/wp-content\/uploads\/2020\/08\/Entistaja-Ismo-Koittola_kuva-Kimmo-Torkkeli-scaled.jpg\" class=\"attachment-full size-full wp-image-914\" alt=\"Ismo Koittola korjaamassa auton osia. Kuvassa h\u00e4n puhdistaa ajovalon kultareunuksia punaisella puup\u00f6yd\u00e4ll\u00e4.\" srcset=\"https:\/\/mobilia.fi\/wp-content\/uploads\/2020\/08\/Entistaja-Ismo-Koittola_kuva-Kimmo-Torkkeli-scaled.jpg 2560w, https:\/\/mobilia.fi\/wp-content\/uploads\/2020\/08\/Entistaja-Ismo-Koittola_kuva-Kimmo-Torkkeli-300x195.jpg 300w, https:\/\/mobilia.fi\/wp-content\/uploads\/2020\/08\/Entistaja-Ismo-Koittola_kuva-Kimmo-Torkkeli-1024x667.jpg 1024w, https:\/\/mobilia.fi\/wp-content\/uploads\/2020\/08\/Entistaja-Ismo-Koittola_kuva-Kimmo-Torkkeli-768x500.jpg 768w, https:\/\/mobilia.fi\/wp-content\/uploads\/2020\/08\/Entistaja-Ismo-Koittola_kuva-Kimmo-Torkkeli-1536x1001.jpg 1536w, https:\/\/mobilia.fi\/wp-content\/uploads\/2020\/08\/Entistaja-Ismo-Koittola_kuva-Kimmo-Torkkeli-2048x1334.jpg 2048w\" sizes=\"(max-width: 2560px) 100vw, 2560px\" \/>\t\t\t\t\t\t\t\t\t\t\t<figcaption class=\"widget-image-caption wp-caption-text\"><\/figcaption>\n\t\t\t\t\t\t\t\t\t\t<\/figure>\n\t\t\t\t\t\t\t\t\t<\/div>\n\t\t\t\t<\/div>\n\t\t\t\t\t<\/div>\n\t\t<\/div>\n\t\t\t\t\t<\/div>\n\t\t<\/section>\n\t\t\t\t\t<\/div>\n\t\t<\/div>\n\t\t\t\t\t<\/div>\n\t\t<\/section>\n\t\t\t\t<\/div>\n\t\t","protected":false},"excerpt":{"rendered":"<p>Ajoneuvojen huolto ja entis\u00f6inti\u00a0 Museoajoneuvojen merkkihuolto Mobilia tarjoaa ajoneuvojen sek\u00e4 muun esineist\u00f6n huoltopalveluja sek\u00e4 yksitt\u00e4isille harrastajille ett\u00e4 kokoelmien omistajille. Mobilian museoajoneuvojen merkkikorjaamopalvelut sis\u00e4lt\u00e4v\u00e4t entis\u00f6inti-, huolto- ja katsastuspalvelut. Meill\u00e4 hoituvat katsastushuollot, puhdistukset, kiillotukset ja muut harrasteautosi pienet remontit ja korjaukset. Tiedustelut huolto- ja korjauspalveluista Tommi Aromaa puh. 0409006670tommi.aromaa@mobilia.fi Tarjoamme ajoneuvojen s\u00e4ilytyspalveluja my\u00f6s yksityisille tahoille. S\u00e4ilytystilaa voi [&hellip;]<\/p>\n","protected":false},"author":3,"featured_media":914,"parent":669,"menu_order":2,"comment_status":"closed","ping_status":"closed","template":"","meta":{"_acf_changed":false,"inline_featured_image":false,"footnotes":""},"class_list":["post-988","page","type-page","status-publish","has-post-thumbnail","hentry"],"acf":[],"_links":{"self":[{"href":"https:\/\/mobilia.fi\/fi\/wp-json\/wp\/v2\/pages\/988","targetHints":{"allow":["GET"]}}],"collection":[{"href":"https:\/\/mobilia.fi\/fi\/wp-json\/wp\/v2\/pages"}],"about":[{"href":"https:\/\/mobilia.fi\/fi\/wp-json\/wp\/v2\/types\/page"}],"author":[{"embeddable":true,"href":"https:\/\/mobilia.fi\/fi\/wp-json\/wp\/v2\/users\/3"}],"replies":[{"embeddable":true,"href":"https:\/\/mobilia.fi\/fi\/wp-json\/wp\/v2\/comments?post=988"}],"version-history":[{"count":43,"href":"https:\/\/mobilia.fi\/fi\/wp-json\/wp\/v2\/pages\/988\/revisions"}],"predecessor-version":[{"id":16720,"href":"https:\/\/mobilia.fi\/fi\/wp-json\/wp\/v2\/pages\/988\/revisions\/16720"}],"up":[{"embeddable":true,"href":"https:\/\/mobilia.fi\/fi\/wp-json\/wp\/v2\/pages\/669"}],"wp:featuredmedia":[{"embeddable":true,"href":"https:\/\/mobilia.fi\/fi\/wp-json\/wp\/v2\/media\/914"}],"wp:attachment":[{"href":"https:\/\/mobilia.fi\/fi\/wp-json\/wp\/v2\/media?parent=988"}],"curies":[{"name":"wp","href":"https:\/\/api.w.org\/{rel}","templated":true}]}}